{"id":4773,"date":"2026-04-04T10:19:30","date_gmt":"2026-04-04T10:19:30","guid":{"rendered":"https:\/\/bricolagedz.com\/?post_type=product&#038;p=4773"},"modified":"2026-04-04T10:19:31","modified_gmt":"2026-04-04T10:19:31","slug":"cle-a-cliquet-pour-crique-en-forme-de-losange-sans-le-crique","status":"publish","type":"product","link":"https:\/\/bricolagedz.com\/ar\/product\/cle-a-cliquet-pour-crique-en-forme-de-losange-sans-le-crique\/","title":{"rendered":"Cl\u00e9 \u00e0 Cliquet Pour Crique en forme de losange sans le Crique"},"content":{"rendered":"<div class=\"ng-tns-c753606991-76\">\n<section id=\"processing-state-9\" class=\"processing-state_container is-gpi-avatar ng-tns-c753606991-76 ng-trigger ng-trigger-processingStateShowHide ng-star-inserted is-done-processing\">\n<div id=\"processing-state-9-summary\" class=\"processing-state_details is-gpi-avatar ng-trigger ng-trigger-menuExpansion ng-tns-c753606991-76 ng-star-inserted\" aria-hidden=\"true\">\n<div class=\"tool-summary ng-tns-c753606991-76\">\n<div class=\"tool-summary-message ng-tns-c753606991-76 gds-body-l ng-star-inserted\">\n<div class=\"ng-tns-c753606991-76\">C&rsquo;est une <b data-path-to-node=\"0\" data-index-in-node=\"10\">Cl\u00e9 \u00e0 Cliquet pour Cric de Voiture<\/b> (souvent appel\u00e9e <i data-path-to-node=\"0\" data-index-in-node=\"62\">Labor Saving Wrench for Jack<\/i>).<\/div>\n<\/div>\n<\/div>\n<\/div>\n<\/section>\n<\/div>\n<div class=\"response-content ng-tns-c2608206049-75\">\n<div class=\"container\">\n<div id=\"model-response-message-contentr_6372cf591772ad3f\" class=\"markdown markdown-main-panel enable-updated-hr-color\" dir=\"ltr\" aria-live=\"polite\" aria-busy=\"false\">\n<p data-path-to-node=\"1\">Cet outil est une am\u00e9lioration majeure par rapport \u00e0 la manivelle en forme de \u00ab\u00a0S\u00a0\u00bb ou de crochet que l&rsquo;on trouve habituellement avec les crics d&rsquo;origine. Elle est con\u00e7ue pour rendre le levage d&rsquo;un v\u00e9hicule beaucoup plus rapide et moins fatiguant.<\/p>\n<h3 data-path-to-node=\"2\">\u00c0 quoi \u00e7a sert ?<\/h3>\n<p data-path-to-node=\"3\">Elle sert \u00e0 actionner le m\u00e9canisme de mont\u00e9e et de descente d&rsquo;un <b data-path-to-node=\"3\" data-index-in-node=\"65\">cric en losange<\/b> (cric \u00e0 ciseaux). Gr\u00e2ce \u00e0 son syst\u00e8me de cliquet, vous n&rsquo;avez plus besoin de faire des rotations compl\u00e8tes de 360\u00b0 avec le bras, ce qui est souvent difficile \u00e0 cause du manque d&rsquo;espace sous la voiture.<\/p>\n<h3 data-path-to-node=\"4\">Caract\u00e9ristiques Principales<\/h3>\n<ul data-path-to-node=\"5\">\n<li>\n<p data-path-to-node=\"5,0,0\"><b data-path-to-node=\"5,0,0\" data-index-in-node=\"0\">Syst\u00e8me \u00e0 Cliquet :<\/b> Vous effectuez des mouvements de va-et-vient (gauche-droite) pour faire monter ou descendre le cric.<\/p>\n<\/li>\n<li>\n<p data-path-to-node=\"5,1,0\"><b data-path-to-node=\"5,1,0\" data-index-in-node=\"0\">Inversion de sens :<\/b> Un petit levier ou bouton sur la t\u00eate de la cl\u00e9 permet de changer le sens de rotation (pour monter ou descendre).<\/p>\n<\/li>\n<li>\n<p data-path-to-node=\"5,2,0\"><b data-path-to-node=\"5,2,0\" data-index-in-node=\"0\">Conception ergonomique :<\/b> La poign\u00e9e est plus longue que les manivelles standards, offrant un meilleur bras de levier, ce qui r\u00e9duit l&rsquo;effort physique n\u00e9cessaire.<\/p>\n<\/li>\n<li>\n<p data-path-to-node=\"5,3,0\"><b data-path-to-node=\"5,3,0\" data-index-in-node=\"0\">Compatibilit\u00e9 :<\/b> Elle s&rsquo;adapte \u00e0 la plupart des crics gr\u00e2ce \u00e0 sa t\u00eate plate avec une ouverture en forme de croix ou d&rsquo;\u00e9toile.<\/p>\n<\/li>\n<\/ul>\n<hr data-path-to-node=\"6\" \/>\n<h3 data-path-to-node=\"7\">Avantages<\/h3>\n<ul data-path-to-node=\"8\">\n<li>\n<p data-path-to-node=\"8,0,0\"><b data-path-to-node=\"8,0,0\" data-index-in-node=\"0\">Gain de temps :<\/b> Le levage est beaucoup plus rapide qu&rsquo;avec une manivelle classique.<\/p>\n<\/li>\n<li>\n<p data-path-to-node=\"8,1,0\"><b data-path-to-node=\"8,1,0\" data-index-in-node=\"0\">Confort :<\/b> Id\u00e9al pour les changements de pneus d&rsquo;urgence sur le bord de la route, surtout si vous n&rsquo;avez pas beaucoup de force physique.<\/p>\n<\/li>\n<li>\n<p data-path-to-node=\"8,2,0\"><b data-path-to-node=\"8,2,0\" data-index-in-node=\"0\">Compacte :<\/b> Elle est plate et se range facilement avec la roue de secours.<\/p>\n<\/li>\n<\/ul>\n<hr data-path-to-node=\"9\" \/>\n<h3 data-path-to-node=\"10\">Sp\u00e9cifications Techniques<\/h3>\n<div class=\"horizontal-scroll-wrapper\">\n<div class=\"table-block-component\">\n<div class=\"table-block has-export-button new-table-style is-at-scroll-start is-at-scroll-end\">\n<div class=\"table-content not-end-of-paragraph\" data-hveid=\"0\" data-ved=\"0CAAQ3ecQahgKEwiVitK879OTAxUAAAAAHQAAAAAQkgQ\">\n<table data-path-to-node=\"11\">\n<thead>\n<tr>\n<th><span data-path-to-node=\"11,0,0,0\">Attribut<\/span><\/th>\n<th><span data-path-to-node=\"11,0,1,0\">D\u00e9tail<\/span><\/th>\n<\/tr>\n<\/thead>\n<tbody>\n<tr>\n<td><span data-path-to-node=\"11,1,0,0\"><b data-path-to-node=\"11,1,0,0\" data-index-in-node=\"0\">Mat\u00e9riau<\/b><\/span><\/td>\n<td><span data-path-to-node=\"11,1,1,0\">Acier \u00e0 haute teneur en carbone (robuste)<\/span><\/td>\n<\/tr>\n<tr>\n<td><span data-path-to-node=\"11,2,0,0\"><b data-path-to-node=\"11,2,0,0\" data-index-in-node=\"0\">Longueur<\/b><\/span><\/td>\n<td><span data-path-to-node=\"11,2,1,0\">Environ 34 cm<\/span><\/td>\n<\/tr>\n<tr>\n<td><span data-path-to-node=\"11,3,0,0\"><b data-path-to-node=\"11,3,0,0\" data-index-in-node=\"0\">Type de t\u00eate<\/b><\/span><\/td>\n<td><span data-path-to-node=\"11,3,1,0\">Plate avec adaptateur universel<\/span><\/td>\n<\/tr>\n<tr>\n<td><span data-path-to-node=\"11,4,0,0\"><b data-path-to-node=\"11,4,0,0\" data-index-in-node=\"0\">Usage<\/b><\/span><\/td>\n<td><span data-path-to-node=\"11,4,1,0\">Voitures de tourisme, SUV, camionnettes<\/span><\/td>\n<\/tr>\n<\/tbody>\n<\/table>\n<\/div>\n<div class=\"table-footer hide-from-message-actions\"><\/div>\n<\/div>\n<\/div>\n<\/div>\n<h3 data-path-to-node=\"12\">Conseil de s\u00e9curit\u00e9<\/h3>\n<p data-path-to-node=\"13\">Comme pour tout changement de roue, assurez-vous que la voiture est sur une surface plane et stable avant de commencer le levage. Une fois la voiture lev\u00e9e, ne travaillez jamais dessous sans utiliser de chandelles de s\u00e9curit\u00e9.<\/p>\n<\/div>\n<\/div>\n<\/div>","protected":false},"excerpt":{"rendered":"<div style=\"width: 576px;\" class=\"wp-video\"><video class=\"wp-video-shortcode\" id=\"video-4773-1\" width=\"576\" height=\"1024\" preload=\"metadata\" controls=\"controls\"><source type=\"video\/mp4\" src=\"https:\/\/bricolagedz.com\/wp-content\/uploads\/2026\/04\/WhatsApp-Video-2026-04-04-at-11.16.09.mp4?_=1\" \/><a href=\"https:\/\/bricolagedz.com\/wp-content\/uploads\/2026\/04\/WhatsApp-Video-2026-04-04-at-11.16.09.mp4\">https:\/\/bricolagedz.com\/wp-content\/uploads\/2026\/04\/WhatsApp-Video-2026-04-04-at-11.16.09.mp4<\/a><\/video><\/div>","protected":false},"featured_media":4774,"comment_status":"open","ping_status":"closed","template":"","meta":[],"product_brand":[],"product_cat":[116],"product_tag":[],"class_list":{"0":"post-4773","1":"product","2":"type-product","3":"status-publish","4":"has-post-thumbnail","6":"product_cat-mecanique","8":"first","9":"instock","10":"taxable","11":"shipping-taxable","12":"purchasable","13":"product-type-simple"},"_links":{"self":[{"href":"https:\/\/bricolagedz.com\/ar\/wp-json\/wp\/v2\/product\/4773","targetHints":{"allow":["GET"]}}],"collection":[{"href":"https:\/\/bricolagedz.com\/ar\/wp-json\/wp\/v2\/product"}],"about":[{"href":"https:\/\/bricolagedz.com\/ar\/wp-json\/wp\/v2\/types\/product"}],"replies":[{"embeddable":true,"href":"https:\/\/bricolagedz.com\/ar\/wp-json\/wp\/v2\/comments?post=4773"}],"version-history":[{"count":0,"href":"https:\/\/bricolagedz.com\/ar\/wp-json\/wp\/v2\/product\/4773\/revisions"}],"wp:featuredmedia":[{"embeddable":true,"href":"https:\/\/bricolagedz.com\/ar\/wp-json\/wp\/v2\/media\/4774"}],"wp:attachment":[{"href":"https:\/\/bricolagedz.com\/ar\/wp-json\/wp\/v2\/media?parent=4773"}],"wp:term":[{"taxonomy":"product_brand","embeddable":true,"href":"https:\/\/bricolagedz.com\/ar\/wp-json\/wp\/v2\/product_brand?post=4773"},{"taxonomy":"product_cat","embeddable":true,"href":"https:\/\/bricolagedz.com\/ar\/wp-json\/wp\/v2\/product_cat?post=4773"},{"taxonomy":"product_tag","embeddable":true,"href":"https:\/\/bricolagedz.com\/ar\/wp-json\/wp\/v2\/product_tag?post=4773"}],"curies":[{"name":"wp","href":"https:\/\/api.w.org\/{rel}","templated":true}]}}