{"id":4761,"date":"2026-04-04T10:01:47","date_gmt":"2026-04-04T10:01:47","guid":{"rendered":"https:\/\/bricolagedz.com\/?post_type=product&#038;p=4761"},"modified":"2026-04-04T10:01:55","modified_gmt":"2026-04-04T10:01:55","slug":"niveleur-faience-50psc","status":"publish","type":"product","link":"https:\/\/bricolagedz.com\/ar\/product\/niveleur-faience-50psc\/","title":{"rendered":"niveleur fa\u00efence 50psc"},"content":{"rendered":"<div class=\"ng-tns-c753606991-46\">\n<section id=\"processing-state-4\" class=\"processing-state_container is-gpi-avatar ng-tns-c753606991-46 ng-trigger ng-trigger-processingStateShowHide ng-star-inserted is-done-processing\">\n<div id=\"processing-state-4-summary\" class=\"processing-state_details is-gpi-avatar ng-trigger ng-trigger-menuExpansion ng-tns-c753606991-46 ng-star-inserted\" aria-hidden=\"true\">\n<div class=\"tool-summary ng-tns-c753606991-46\">\n<div class=\"tool-summary-message ng-tns-c753606991-46 gds-body-l ng-star-inserted\">\n<div class=\"ng-tns-c753606991-46\">Il s&rsquo;agit d&rsquo;un <b data-path-to-node=\"0\" data-index-in-node=\"15\">Syst\u00e8me de Nivellement de Carrelage R\u00e9utilisable<\/b> (souvent appel\u00e9 <i data-path-to-node=\"0\" data-index-in-node=\"80\">Niveleur \u00e0 vis<\/i> ou <i data-path-to-node=\"0\" data-index-in-node=\"98\">Tile Leveling System<\/i>).<\/div>\n<\/div>\n<\/div>\n<\/div>\n<\/section>\n<\/div>\n<div class=\"response-content ng-tns-c2608206049-45\">\n<div class=\"container\">\n<div id=\"model-response-message-contentr_e29ab00f001b3167\" class=\"markdown markdown-main-panel enable-updated-hr-color\" dir=\"ltr\" aria-live=\"polite\" aria-busy=\"false\">\n<p data-path-to-node=\"1\">C&rsquo;est un outil essentiel pour obtenir une surface parfaitement plane lors de la pose de carrelage au sol ou au mur, en \u00e9vitant les \u00ab\u00a0d\u00e9saffleurements\u00a0\u00bb (quand un carreau est l\u00e9g\u00e8rement plus haut que son voisin).<\/p>\n<h3 data-path-to-node=\"2\">Comment \u00e7a fonctionne ?<\/h3>\n<p data-path-to-node=\"3\">Contrairement aux croisillons classiques qui ne g\u00e8rent que l&rsquo;espacement, ce syst\u00e8me ajuste la hauteur des carreaux entre eux :<\/p>\n<ol start=\"1\" data-path-to-node=\"4\">\n<li>\n<p data-path-to-node=\"4,0,0\"><b data-path-to-node=\"4,0,0\" data-index-in-node=\"0\">Insertion :<\/b> On ins\u00e8re la tige m\u00e9tallique en forme de \u00ab\u00a0T\u00a0\u00bb dans le joint entre deux carreaux fra\u00eechement pos\u00e9s.<\/p>\n<\/li>\n<li>\n<p data-path-to-node=\"4,1,0\"><b data-path-to-node=\"4,1,0\" data-index-in-node=\"0\">Rotation :<\/b> On tourne la tige de 90 degr\u00e9s pour que la barre du \u00ab\u00a0T\u00a0\u00bb se retrouve sous les deux carreaux.<\/p>\n<\/li>\n<li>\n<p data-path-to-node=\"4,2,0\"><b data-path-to-node=\"4,2,0\" data-index-in-node=\"0\">Serrage :<\/b> On visse l&rsquo;\u00e9crou noir (la partie circulaire) vers le bas. Cela exerce une pression qui aligne les deux carreaux sur le m\u00eame plan horizontal.<\/p>\n<\/li>\n<li>\n<p data-path-to-node=\"4,3,0\"><b data-path-to-node=\"4,3,0\" data-index-in-node=\"0\">Retrait :<\/b> Une fois que la colle a commenc\u00e9 \u00e0 prendre (mais avant qu&rsquo;elle ne soit totalement s\u00e8che), on d\u00e9visse et on retire l&rsquo;outil pour le r\u00e9utiliser sur un autre chantier.<\/p>\n<\/li>\n<\/ol>\n<hr data-path-to-node=\"5\" \/>\n<h3 data-path-to-node=\"6\">Avantages par rapport aux syst\u00e8mes jetables<\/h3>\n<ul data-path-to-node=\"7\">\n<li>\n<p data-path-to-node=\"7,0,0\"><b data-path-to-node=\"7,0,0\" data-index-in-node=\"0\">\u00c9conomique :<\/b> Comme il est enti\u00e8rement r\u00e9cup\u00e9rable, vous n&rsquo;avez pas besoin d&rsquo;acheter des sacs de cales en plastique \u00e0 chaque fois.<\/p>\n<\/li>\n<li>\n<p data-path-to-node=\"7,1,0\"><b data-path-to-node=\"7,1,0\" data-index-in-node=\"0\">Ajustable :<\/b> Vous pouvez augmenter ou r\u00e9duire la pression tr\u00e8s pr\u00e9cis\u00e9ment \u00e0 la main ou avec la petite cl\u00e9 souvent fournie.<\/p>\n<\/li>\n<li>\n<p data-path-to-node=\"7,2,0\"><b data-path-to-node=\"7,2,0\" data-index-in-node=\"0\">Polyvalent :<\/b> Il s&rsquo;adapte \u00e0 diff\u00e9rentes \u00e9paisseurs de carrelage (souvent de 3 mm \u00e0 16 mm).<\/p>\n<\/li>\n<\/ul>\n<hr data-path-to-node=\"8\" \/>\n<h3 data-path-to-node=\"9\">Conseils d&rsquo;utilisation<\/h3>\n<ul data-path-to-node=\"10\">\n<li>\n<p data-path-to-node=\"10,0,0\"><b data-path-to-node=\"10,0,0\" data-index-in-node=\"0\">Nettoyage :<\/b> Il est crucial de bien nettoyer l&rsquo;espace autour de la tige \u00ab\u00a0T\u00a0\u00bb dans le joint pour \u00e9viter que la colle ne durcisse dessus, ce qui rendrait le retrait difficile.<\/p>\n<\/li>\n<li>\n<p data-path-to-node=\"10,1,0\"><b data-path-to-node=\"10,1,0\" data-index-in-node=\"0\">Timing :<\/b> Retirez toujours les niveleurs environ 4 \u00e0 6 heures apr\u00e8s la pose (selon la temp\u00e9rature et le type de colle). Si vous attendez 24 heures, ils risquent d&rsquo;\u00eatre bloqu\u00e9s d\u00e9finitivement.<\/p>\n<\/li>\n<li>\n<p data-path-to-node=\"10,2,0\"><b data-path-to-node=\"10,2,0\" data-index-in-node=\"0\">Sens de rotation :<\/b> Lors du retrait, tournez d&rsquo;abord la tige pour la d\u00e9sengager avant de tirer vers le haut.<\/p>\n<\/li>\n<\/ul>\n<h3 data-path-to-node=\"11\">Fiche Technique<\/h3>\n<div class=\"horizontal-scroll-wrapper\">\n<div class=\"table-block-component\">\n<div class=\"table-block has-export-button new-table-style is-at-scroll-start is-at-scroll-end\">\n<div class=\"table-content not-end-of-paragraph\" data-hveid=\"0\" data-ved=\"0CAAQ3ecQahgKEwiVitK879OTAxUAAAAAHQAAAAAQvQI\">\n<table data-path-to-node=\"12\">\n<thead>\n<tr>\n<th><span data-path-to-node=\"12,0,0,0\">Composant<\/span><\/th>\n<th><span data-path-to-node=\"12,0,1,0\">Mat\u00e9riau \/ Usage<\/span><\/th>\n<\/tr>\n<\/thead>\n<tbody>\n<tr>\n<td><span data-path-to-node=\"12,1,0,0\"><b data-path-to-node=\"12,1,0,0\" data-index-in-node=\"0\">Tige en T<\/b><\/span><\/td>\n<td><span data-path-to-node=\"12,1,1,0\">Acier inoxydable (haute r\u00e9sistance)<\/span><\/td>\n<\/tr>\n<tr>\n<td><span data-path-to-node=\"12,2,0,0\"><b data-path-to-node=\"12,2,0,0\" data-index-in-node=\"0\">Corps \/ \u00c9crou<\/b><\/span><\/td>\n<td><span data-path-to-node=\"12,2,1,0\">Plastique PP robuste<\/span><\/td>\n<\/tr>\n<tr>\n<td><span data-path-to-node=\"12,3,0,0\"><b data-path-to-node=\"12,3,0,0\" data-index-in-node=\"0\">Largeur du joint<\/b><\/span><\/td>\n<td><span data-path-to-node=\"12,3,1,0\">G\u00e9n\u00e9ralement compatible pour joints de 2 mm \u00e0 6 mm<\/span><\/td>\n<\/tr>\n<tr>\n<td><span data-path-to-node=\"12,4,0,0\"><b data-path-to-node=\"12,4,0,0\" data-index-in-node=\"0\">R\u00e9utilisation<\/b><\/span><\/td>\n<td><span data-path-to-node=\"12,4,1,0\">Oui (syst\u00e8me 100% r\u00e9cup\u00e9rable)<\/span><\/td>\n<\/tr>\n<\/tbody>\n<\/table>\n<\/div>\n<\/div>\n<\/div>\n<\/div>\n<\/div>\n<\/div>\n<\/div>","protected":false},"excerpt":{"rendered":"<div style=\"width: 576px;\" class=\"wp-video\"><video class=\"wp-video-shortcode\" id=\"video-4761-1\" width=\"576\" height=\"1024\" preload=\"metadata\" controls=\"controls\"><source type=\"video\/mp4\" src=\"https:\/\/bricolagedz.com\/wp-content\/uploads\/2026\/04\/WhatsApp-Video-2026-04-04-at-10.57.28.mp4?_=1\" \/><a href=\"https:\/\/bricolagedz.com\/wp-content\/uploads\/2026\/04\/WhatsApp-Video-2026-04-04-at-10.57.28.mp4\">https:\/\/bricolagedz.com\/wp-content\/uploads\/2026\/04\/WhatsApp-Video-2026-04-04-at-10.57.28.mp4<\/a><\/video><\/div>","protected":false},"featured_media":4762,"comment_status":"open","ping_status":"closed","template":"","meta":[],"product_brand":[],"product_cat":[115],"product_tag":[],"class_list":{"0":"post-4761","1":"product","2":"type-product","3":"status-publish","4":"has-post-thumbnail","6":"product_cat-maconnerie","8":"first","9":"instock","10":"taxable","11":"shipping-taxable","12":"purchasable","13":"product-type-simple"},"_links":{"self":[{"href":"https:\/\/bricolagedz.com\/ar\/wp-json\/wp\/v2\/product\/4761","targetHints":{"allow":["GET"]}}],"collection":[{"href":"https:\/\/bricolagedz.com\/ar\/wp-json\/wp\/v2\/product"}],"about":[{"href":"https:\/\/bricolagedz.com\/ar\/wp-json\/wp\/v2\/types\/product"}],"replies":[{"embeddable":true,"href":"https:\/\/bricolagedz.com\/ar\/wp-json\/wp\/v2\/comments?post=4761"}],"version-history":[{"count":0,"href":"https:\/\/bricolagedz.com\/ar\/wp-json\/wp\/v2\/product\/4761\/revisions"}],"wp:featuredmedia":[{"embeddable":true,"href":"https:\/\/bricolagedz.com\/ar\/wp-json\/wp\/v2\/media\/4762"}],"wp:attachment":[{"href":"https:\/\/bricolagedz.com\/ar\/wp-json\/wp\/v2\/media?parent=4761"}],"wp:term":[{"taxonomy":"product_brand","embeddable":true,"href":"https:\/\/bricolagedz.com\/ar\/wp-json\/wp\/v2\/product_brand?post=4761"},{"taxonomy":"product_cat","embeddable":true,"href":"https:\/\/bricolagedz.com\/ar\/wp-json\/wp\/v2\/product_cat?post=4761"},{"taxonomy":"product_tag","embeddable":true,"href":"https:\/\/bricolagedz.com\/ar\/wp-json\/wp\/v2\/product_tag?post=4761"}],"curies":[{"name":"wp","href":"https:\/\/api.w.org\/{rel}","templated":true}]}}