{"id":4709,"date":"2026-04-02T09:18:08","date_gmt":"2026-04-02T09:18:08","guid":{"rendered":"https:\/\/bricolagedz.com\/?post_type=product&#038;p=4709"},"modified":"2026-04-02T09:19:28","modified_gmt":"2026-04-02T09:19:28","slug":"kit-trepied-3m","status":"publish","type":"product","link":"https:\/\/bricolagedz.com\/ar\/product\/kit-trepied-3m\/","title":{"rendered":"Kit tr\u00e9pied 3m"},"content":{"rendered":"<h3 data-start=\"80\" data-end=\"98\">Description<\/h3>\n<p data-start=\"99\" data-end=\"403\">L\u2019image pr\u00e9sente un <strong data-start=\"119\" data-end=\"158\">kit complet de mesure pour chantier<\/strong>, compos\u00e9 d\u2019un <strong data-start=\"173\" data-end=\"193\">tr\u00e9pied r\u00e9glable<\/strong>, d\u2019une <strong data-start=\"201\" data-end=\"238\">mire gradu\u00e9e (r\u00e8gle t\u00e9lescopique)<\/strong> et de plusieurs accessoires de fixation.<br data-start=\"279\" data-end=\"282\" \/>Ce type d\u2019\u00e9quipement est utilis\u00e9 avec un <strong data-start=\"323\" data-end=\"339\">niveau laser<\/strong> pour effectuer des mesures pr\u00e9cises de hauteur et d\u2019alignement.<\/p>\n<hr data-start=\"405\" data-end=\"408\" \/>\n<h3 data-start=\"410\" data-end=\"431\">\u2699\ufe0f Contenu du kit<\/h3>\n<ul data-start=\"432\" data-end=\"634\">\n<li data-start=\"432\" data-end=\"466\">\ud83d\udccc Tr\u00e9pied stable en aluminium<\/li>\n<li data-start=\"467\" data-end=\"520\">\ud83d\udccf Mire gradu\u00e9e t\u00e9lescopique (plusieurs sections)<\/li>\n<li data-start=\"521\" data-end=\"567\">\ud83d\udd29 Support de fixation pour appareil laser<\/li>\n<li data-start=\"568\" data-end=\"601\">\ud83e\udde9 Adaptateurs et accessoires<\/li>\n<li data-start=\"602\" data-end=\"634\">\ud83c\udf92 Sac de transport pratique<\/li>\n<\/ul>\n<hr data-start=\"636\" data-end=\"639\" \/>\n<h3 data-start=\"641\" data-end=\"660\">\ud83c\udfd7\ufe0f Utilisation<\/h3>\n<ul data-start=\"661\" data-end=\"839\">\n<li data-start=\"661\" data-end=\"706\">Travaux de <strong data-start=\"674\" data-end=\"704\">construction et ma\u00e7onnerie<\/strong><\/li>\n<li data-start=\"707\" data-end=\"749\">Pose de <strong data-start=\"717\" data-end=\"747\">carrelage, placo, plafonds<\/strong><\/li>\n<li data-start=\"750\" data-end=\"786\">Alignement de murs et structures<\/li>\n<li data-start=\"787\" data-end=\"839\">Mesure de <strong data-start=\"799\" data-end=\"822\">niveaux et hauteurs<\/strong> avec pr\u00e9cision<\/li>\n<\/ul>\n<hr data-start=\"841\" data-end=\"844\" \/>\n<h3 data-start=\"846\" data-end=\"862\">\ud83d\udca1 Avantages<\/h3>\n<ul data-start=\"863\" data-end=\"1017\">\n<li data-start=\"863\" data-end=\"903\">\u2714\ufe0f Haute pr\u00e9cision avec niveau laser<\/li>\n<li data-start=\"904\" data-end=\"939\">\u2714\ufe0f R\u00e9glage facile de la hauteur<\/li>\n<li data-start=\"940\" data-end=\"977\">\u2714\ufe0f Mat\u00e9riaux robustes et durables<\/li>\n<li data-start=\"978\" data-end=\"1017\">\u2714\ufe0f Transport facile avec sac inclus<\/li>\n<\/ul>\n<hr data-start=\"1019\" data-end=\"1022\" \/>\n<h3 data-start=\"1024\" data-end=\"1051\">\ud83c\udff7\ufe0f Nom produit sugg\u00e9r\u00e9<\/h3>\n<p data-start=\"1052\" data-end=\"1101\">\ud83d\udc49 Kit tr\u00e9pied + mire gradu\u00e9e pour niveau laser<\/p>","protected":false},"excerpt":{"rendered":"<div style=\"width: 576px;\" class=\"wp-video\"><video class=\"wp-video-shortcode\" id=\"video-4709-1\" width=\"576\" height=\"1024\" preload=\"metadata\" controls=\"controls\"><source type=\"video\/mp4\" src=\"https:\/\/bricolagedz.com\/wp-content\/uploads\/2026\/04\/WhatsApp-Video-2026-04-02-at-10.09.38.mp4?_=1\" \/><a href=\"https:\/\/bricolagedz.com\/wp-content\/uploads\/2026\/04\/WhatsApp-Video-2026-04-02-at-10.09.38.mp4\">https:\/\/bricolagedz.com\/wp-content\/uploads\/2026\/04\/WhatsApp-Video-2026-04-02-at-10.09.38.mp4<\/a><\/video><\/div>","protected":false},"featured_media":4711,"comment_status":"open","ping_status":"closed","template":"","meta":[],"product_brand":[],"product_cat":[115,121],"product_tag":[],"class_list":{"0":"post-4709","1":"product","2":"type-product","3":"status-publish","4":"has-post-thumbnail","6":"product_cat-maconnerie","7":"product_cat-placo","9":"first","10":"instock","11":"taxable","12":"shipping-taxable","13":"purchasable","14":"product-type-simple"},"_links":{"self":[{"href":"https:\/\/bricolagedz.com\/ar\/wp-json\/wp\/v2\/product\/4709","targetHints":{"allow":["GET"]}}],"collection":[{"href":"https:\/\/bricolagedz.com\/ar\/wp-json\/wp\/v2\/product"}],"about":[{"href":"https:\/\/bricolagedz.com\/ar\/wp-json\/wp\/v2\/types\/product"}],"replies":[{"embeddable":true,"href":"https:\/\/bricolagedz.com\/ar\/wp-json\/wp\/v2\/comments?post=4709"}],"version-history":[{"count":0,"href":"https:\/\/bricolagedz.com\/ar\/wp-json\/wp\/v2\/product\/4709\/revisions"}],"wp:featuredmedia":[{"embeddable":true,"href":"https:\/\/bricolagedz.com\/ar\/wp-json\/wp\/v2\/media\/4711"}],"wp:attachment":[{"href":"https:\/\/bricolagedz.com\/ar\/wp-json\/wp\/v2\/media?parent=4709"}],"wp:term":[{"taxonomy":"product_brand","embeddable":true,"href":"https:\/\/bricolagedz.com\/ar\/wp-json\/wp\/v2\/product_brand?post=4709"},{"taxonomy":"product_cat","embeddable":true,"href":"https:\/\/bricolagedz.com\/ar\/wp-json\/wp\/v2\/product_cat?post=4709"},{"taxonomy":"product_tag","embeddable":true,"href":"https:\/\/bricolagedz.com\/ar\/wp-json\/wp\/v2\/product_tag?post=4709"}],"curies":[{"name":"wp","href":"https:\/\/api.w.org\/{rel}","templated":true}]}}