{"id":4637,"date":"2026-03-30T14:26:25","date_gmt":"2026-03-30T14:26:25","guid":{"rendered":"https:\/\/bricolagedz.com\/?post_type=product&#038;p=4637"},"modified":"2026-03-30T14:26:40","modified_gmt":"2026-03-30T14:26:40","slug":"cle-a-molette-rapide","status":"publish","type":"product","link":"https:\/\/bricolagedz.com\/ar\/product\/cle-a-molette-rapide\/","title":{"rendered":"cl\u00e9 a molette rapide"},"content":{"rendered":"<p data-path-to-node=\"0\">C&rsquo;est une <b data-path-to-node=\"0\" data-index-in-node=\"10\">cl\u00e9 \u00e0 molette \u00e0 r\u00e9glage rapide<\/b> (ou <b data-path-to-node=\"0\" data-index-in-node=\"45\">cl\u00e9 \u00e0 molette r\u00e9tractable<\/b>).<\/p>\n<p data-path-to-node=\"1\">Contrairement au mod\u00e8le traditionnel o\u00f9 l&rsquo;on tourne une vis sans fin avec le pouce, cet outil utilise un m\u00e9canisme \u00e0 glissi\u00e8re beaucoup plus rapide.<\/p>\n<h2 data-path-to-node=\"2\">Points forts du produit<\/h2>\n<ul data-path-to-node=\"3\">\n<li>\n<p data-path-to-node=\"3,0,0\"><b data-path-to-node=\"3,0,0\" data-index-in-node=\"0\">R\u00e9glage Ultra-Rapide :<\/b> Le bouton coulissant sur le manche permet d&rsquo;ouvrir ou de fermer les m\u00e2choires en un instant pour s&rsquo;adapter \u00e0 la taille de l&rsquo;\u00e9crou.<\/p>\n<\/li>\n<li>\n<p data-path-to-node=\"3,1,0\"><b data-path-to-node=\"3,1,0\" data-index-in-node=\"0\">\u00c9chelle de Mesure :<\/b> Elle poss\u00e8de une graduation grav\u00e9e au laser sur la t\u00eate, permettant de l&rsquo;utiliser comme un pied \u00e0 coulisse pour identifier rapidement le diam\u00e8tre d&rsquo;un boulon.<\/p>\n<\/li>\n<li>\n<p data-path-to-node=\"3,2,0\"><b data-path-to-node=\"3,2,0\" data-index-in-node=\"0\">Ergonomie :<\/b> Son manche gain\u00e9 offre une meilleure prise en main et plus de confort lors des serrages puissants.<\/p>\n<\/li>\n<li>\n<p data-path-to-node=\"3,3,0\"><b data-path-to-node=\"3,3,0\" data-index-in-node=\"0\">Polyvalence :<\/b> C&rsquo;est l&rsquo;outil \u00ab\u00a0tout-en-un\u00a0\u00bb id\u00e9al pour les interventions rapides o\u00f9 l&rsquo;on ne veut pas transporter tout un jeu de cl\u00e9s plates.<\/p>\n<\/li>\n<\/ul>\n<h2 data-path-to-node=\"4\">Pour votre boutique<\/h2>\n<p data-path-to-node=\"5\">Comme on le voit dans votre vid\u00e9o (r\u00e9f. 52-8466), cet outil est tr\u00e8s visuel. C&rsquo;est le type de produit qui fonctionne tr\u00e8s bien en d\u00e9monstration sur les r\u00e9seaux sociaux car il r\u00e9sout un probl\u00e8me courant : la lenteur du r\u00e9glage des cl\u00e9s \u00e0 molette classiques.<\/p>","protected":false},"excerpt":{"rendered":"<div style=\"width: 576px;\" class=\"wp-video\"><video class=\"wp-video-shortcode\" id=\"video-4637-1\" width=\"576\" height=\"1024\" preload=\"metadata\" controls=\"controls\"><source type=\"video\/mp4\" src=\"https:\/\/bricolagedz.com\/wp-content\/uploads\/2026\/03\/WhatsApp-Video-2026-03-30-at-15.23.52.mp4?_=1\" \/><a href=\"https:\/\/bricolagedz.com\/wp-content\/uploads\/2026\/03\/WhatsApp-Video-2026-03-30-at-15.23.52.mp4\">https:\/\/bricolagedz.com\/wp-content\/uploads\/2026\/03\/WhatsApp-Video-2026-03-30-at-15.23.52.mp4<\/a><\/video><\/div>","protected":false},"featured_media":4638,"comment_status":"open","ping_status":"closed","template":"","meta":[],"product_brand":[],"product_cat":[122],"product_tag":[],"class_list":{"0":"post-4637","1":"product","2":"type-product","3":"status-publish","4":"has-post-thumbnail","6":"product_cat-plomberie-et-climatisation","8":"first","9":"instock","10":"taxable","11":"shipping-taxable","12":"purchasable","13":"product-type-simple"},"_links":{"self":[{"href":"https:\/\/bricolagedz.com\/ar\/wp-json\/wp\/v2\/product\/4637","targetHints":{"allow":["GET"]}}],"collection":[{"href":"https:\/\/bricolagedz.com\/ar\/wp-json\/wp\/v2\/product"}],"about":[{"href":"https:\/\/bricolagedz.com\/ar\/wp-json\/wp\/v2\/types\/product"}],"replies":[{"embeddable":true,"href":"https:\/\/bricolagedz.com\/ar\/wp-json\/wp\/v2\/comments?post=4637"}],"version-history":[{"count":0,"href":"https:\/\/bricolagedz.com\/ar\/wp-json\/wp\/v2\/product\/4637\/revisions"}],"wp:featuredmedia":[{"embeddable":true,"href":"https:\/\/bricolagedz.com\/ar\/wp-json\/wp\/v2\/media\/4638"}],"wp:attachment":[{"href":"https:\/\/bricolagedz.com\/ar\/wp-json\/wp\/v2\/media?parent=4637"}],"wp:term":[{"taxonomy":"product_brand","embeddable":true,"href":"https:\/\/bricolagedz.com\/ar\/wp-json\/wp\/v2\/product_brand?post=4637"},{"taxonomy":"product_cat","embeddable":true,"href":"https:\/\/bricolagedz.com\/ar\/wp-json\/wp\/v2\/product_cat?post=4637"},{"taxonomy":"product_tag","embeddable":true,"href":"https:\/\/bricolagedz.com\/ar\/wp-json\/wp\/v2\/product_tag?post=4637"}],"curies":[{"name":"wp","href":"https:\/\/api.w.org\/{rel}","templated":true}]}}