{"id":4069,"date":"2026-02-22T14:23:14","date_gmt":"2026-02-22T14:23:14","guid":{"rendered":"https:\/\/bricolagedz.com\/?post_type=product&#038;p=4069"},"modified":"2026-03-24T13:35:38","modified_gmt":"2026-03-24T13:35:38","slug":"agrafeur-micro-profile","status":"publish","type":"product","link":"https:\/\/bricolagedz.com\/ar\/product\/agrafeur-micro-profile\/","title":{"rendered":"Agrafeur micro-profil\u00e9"},"content":{"rendered":"<h3 data-start=\"424\" data-end=\"486\">Agrafeuse Manuelle pour Micro-Profil\u00e9 et Rails Placopl\u00e2tre<\/h3>\n<p data-start=\"488\" data-end=\"680\">Cette <strong data-start=\"494\" data-end=\"530\">agrafeuse murale professionnelle<\/strong> est sp\u00e9cialement con\u00e7ue pour fixer rapidement les micro-profil\u00e9s, rails m\u00e9talliques et supports de plaques de pl\u00e2tre sur murs en b\u00e9ton ou ma\u00e7onnerie.<\/p>\n<p data-start=\"682\" data-end=\"809\">Gr\u00e2ce \u00e0 son m\u00e9canisme robuste et sa poign\u00e9e ergonomique, elle garantit une fixation solide et durable avec un minimum d\u2019effort.<\/p>\n<p data-start=\"811\" data-end=\"889\">Parfaite pour les artisans, plaquistes, entrepreneurs et bricoleurs exigeants.<\/p>\n<hr data-start=\"891\" data-end=\"894\" \/>\n<h2 data-start=\"896\" data-end=\"928\"><\/h2>\n<hr data-start=\"1143\" data-end=\"1146\" \/>\n<h2 data-start=\"1148\" data-end=\"1166\">\ud83c\udfd7 Applications<\/h2>\n<p data-start=\"1168\" data-end=\"1332\">\u00a0\u2714 Fixation rails m\u00e9talliques<br data-start=\"1267\" data-end=\"1270\" \/>\u2714 Travaux de r\u00e9novation int\u00e9rieure<br data-start=\"1304\" data-end=\"1307\" \/>\u2714 Chantier construction<\/p>\n<hr data-start=\"1334\" data-end=\"1337\" \/>\n<h2 data-start=\"1339\" data-end=\"1353\">\u2b50 Avantages<\/h2>\n<p data-start=\"1355\" data-end=\"1505\">\u2714 Gain de temps important<br data-start=\"1380\" data-end=\"1383\" \/>\u2714 Fixation solide et durable<br data-start=\"1411\" data-end=\"1414\" \/>\u2714 Outil robuste et professionnel<br data-start=\"1446\" data-end=\"1449\" \/>\u2714 Facile \u00e0 utiliser<br data-start=\"1468\" data-end=\"1471\" \/>\u2714 Id\u00e9al pour chantier en Alg\u00e9rie<\/p>","protected":false},"excerpt":{"rendered":"<div style=\"width: 720px;\" class=\"wp-video\"><video class=\"wp-video-shortcode\" id=\"video-4069-1\" width=\"720\" height=\"1280\" preload=\"metadata\" controls=\"controls\"><source type=\"video\/mp4\" src=\"https:\/\/bricolagedz.com\/wp-content\/uploads\/2026\/02\/video_2026-02-22_15-19-45.mp4?_=1\" \/><a href=\"https:\/\/bricolagedz.com\/wp-content\/uploads\/2026\/02\/video_2026-02-22_15-19-45.mp4\">https:\/\/bricolagedz.com\/wp-content\/uploads\/2026\/02\/video_2026-02-22_15-19-45.mp4<\/a><\/video><\/div>","protected":false},"featured_media":4071,"comment_status":"open","ping_status":"closed","template":"","meta":[],"product_brand":[],"product_cat":[121],"product_tag":[],"class_list":{"0":"post-4069","1":"product","2":"type-product","3":"status-publish","4":"has-post-thumbnail","6":"product_cat-placo","8":"first","9":"instock","10":"taxable","11":"shipping-taxable","12":"purchasable","13":"product-type-simple"},"_links":{"self":[{"href":"https:\/\/bricolagedz.com\/ar\/wp-json\/wp\/v2\/product\/4069","targetHints":{"allow":["GET"]}}],"collection":[{"href":"https:\/\/bricolagedz.com\/ar\/wp-json\/wp\/v2\/product"}],"about":[{"href":"https:\/\/bricolagedz.com\/ar\/wp-json\/wp\/v2\/types\/product"}],"replies":[{"embeddable":true,"href":"https:\/\/bricolagedz.com\/ar\/wp-json\/wp\/v2\/comments?post=4069"}],"version-history":[{"count":0,"href":"https:\/\/bricolagedz.com\/ar\/wp-json\/wp\/v2\/product\/4069\/revisions"}],"wp:featuredmedia":[{"embeddable":true,"href":"https:\/\/bricolagedz.com\/ar\/wp-json\/wp\/v2\/media\/4071"}],"wp:attachment":[{"href":"https:\/\/bricolagedz.com\/ar\/wp-json\/wp\/v2\/media?parent=4069"}],"wp:term":[{"taxonomy":"product_brand","embeddable":true,"href":"https:\/\/bricolagedz.com\/ar\/wp-json\/wp\/v2\/product_brand?post=4069"},{"taxonomy":"product_cat","embeddable":true,"href":"https:\/\/bricolagedz.com\/ar\/wp-json\/wp\/v2\/product_cat?post=4069"},{"taxonomy":"product_tag","embeddable":true,"href":"https:\/\/bricolagedz.com\/ar\/wp-json\/wp\/v2\/product_tag?post=4069"}],"curies":[{"name":"wp","href":"https:\/\/api.w.org\/{rel}","templated":true}]}}