{"id":4035,"date":"2026-02-16T14:24:27","date_gmt":"2026-02-16T14:24:27","guid":{"rendered":"https:\/\/bricolagedz.com\/?post_type=product&#038;p=4035"},"modified":"2026-03-18T04:02:39","modified_gmt":"2026-03-18T04:02:39","slug":"porte-embout-90","status":"publish","type":"product","link":"https:\/\/bricolagedz.com\/ar\/product\/porte-embout-90\/","title":{"rendered":"porte embout longue 90"},"content":{"rendered":"<h3 data-start=\"0\" data-end=\"75\">\ud83d\udd27 Porte-Embout Angle 90\u00b0 Hexagonal 1\/4&Prime; \u2013 Adaptateur Visseuse\/Perceuse<\/h3>\n<p data-start=\"77\" data-end=\"317\">Optimisez votre travail dans les espaces difficiles d\u2019acc\u00e8s gr\u00e2ce \u00e0 ce <strong data-start=\"148\" data-end=\"176\">porte-embout coud\u00e9 \u00e0 90\u00b0<\/strong>. Con\u00e7u pour les visseuses et perceuses avec emmanchement hexagonal 1\/4&Prime;, il permet de visser et d\u00e9visser facilement dans les angles \u00e9troits.<\/p>\n<hr data-start=\"319\" data-end=\"322\" \/>\n<h3 data-start=\"324\" data-end=\"359\">\u2705 Caract\u00e9ristiques techniques :<\/h3>\n<ul data-start=\"361\" data-end=\"694\">\n<li data-start=\"361\" data-end=\"401\">\n<p data-start=\"363\" data-end=\"401\">\ud83d\udd29 <strong data-start=\"366\" data-end=\"376\">Type :<\/strong> Porte-embout coud\u00e9 \u00e0 90\u00b0<\/p>\n<\/li>\n<li data-start=\"402\" data-end=\"450\">\n<p data-start=\"404\" data-end=\"450\">\ud83d\udd27 <strong data-start=\"407\" data-end=\"425\">Emmanchement :<\/strong> Hexagonal 1\/4&Prime; (6.35 mm)<\/p>\n<\/li>\n<li data-start=\"451\" data-end=\"486\">\n<p data-start=\"453\" data-end=\"486\">\ud83d\udccf <strong data-start=\"456\" data-end=\"477\">Longueur totale :<\/strong> 128 mm<\/p>\n<\/li>\n<li data-start=\"487\" data-end=\"518\">\n<p data-start=\"489\" data-end=\"518\">\ud83d\udcd0 <strong data-start=\"492\" data-end=\"510\">Largeur t\u00eate :<\/strong> 32 mm<\/p>\n<\/li>\n<li data-start=\"519\" data-end=\"555\">\n<p data-start=\"521\" data-end=\"555\">\u2699\ufe0f <strong data-start=\"524\" data-end=\"545\">Diam\u00e8tre embout :<\/strong> 6.35 mm<\/p>\n<\/li>\n<li data-start=\"556\" data-end=\"580\">\n<p data-start=\"558\" data-end=\"580\">\u2696\ufe0f <strong data-start=\"561\" data-end=\"572\">Poids :<\/strong> 145 g<\/p>\n<\/li>\n<li data-start=\"581\" data-end=\"634\">\n<p data-start=\"583\" data-end=\"634\">\ud83d\udee0\ufe0f <strong data-start=\"587\" data-end=\"600\">Mati\u00e8re :<\/strong> Acier renforc\u00e9 haute r\u00e9sistance<\/p>\n<\/li>\n<li data-start=\"635\" data-end=\"694\">\n<p data-start=\"637\" data-end=\"694\">\ud83d\udd04 <strong data-start=\"640\" data-end=\"659\">Rotation fluide<\/strong> avec syst\u00e8me \u00e0 roulement int\u00e9gr\u00e9<\/p>\n<\/li>\n<\/ul>\n<hr data-start=\"696\" data-end=\"699\" \/>\n<h3 data-start=\"701\" data-end=\"719\">\ud83d\udca1 Avantages :<\/h3>\n<ul data-start=\"721\" data-end=\"958\">\n<li data-start=\"721\" data-end=\"777\">\n<p data-start=\"723\" data-end=\"777\">Id\u00e9al pour les <strong data-start=\"738\" data-end=\"777\">zones \u00e9troites et angles difficiles<\/strong><\/p>\n<\/li>\n<li data-start=\"778\" data-end=\"850\">\n<p data-start=\"780\" data-end=\"850\">Compatible avec la majorit\u00e9 des <strong data-start=\"812\" data-end=\"850\">visseuses \u00e9lectriques et manuelles<\/strong><\/p>\n<\/li>\n<li data-start=\"851\" data-end=\"903\">\n<p data-start=\"853\" data-end=\"903\">Structure robuste pour une <strong data-start=\"880\" data-end=\"903\">longue dur\u00e9e de vie<\/strong><\/p>\n<\/li>\n<li data-start=\"904\" data-end=\"958\">\n<p data-start=\"906\" data-end=\"958\">Installation rapide et maintien s\u00e9curis\u00e9 de l\u2019embout<\/p>\n<\/li>\n<\/ul>\n<hr data-start=\"960\" data-end=\"963\" \/>\n<h3 data-start=\"965\" data-end=\"986\">\ud83c\udfaf Applications :<\/h3>\n<ul data-start=\"988\" data-end=\"1100\">\n<li data-start=\"988\" data-end=\"1023\">\n<p data-start=\"990\" data-end=\"1023\">Travaux de m\u00e9canique automobile<\/p>\n<\/li>\n<li data-start=\"1024\" data-end=\"1046\">\n<p data-start=\"1026\" data-end=\"1046\">Montage de meubles<\/p>\n<\/li>\n<li data-start=\"1047\" data-end=\"1071\">\n<p data-start=\"1049\" data-end=\"1071\">Bricolage domestique<\/p>\n<\/li>\n<li data-start=\"1072\" data-end=\"1100\">\n<p data-start=\"1074\" data-end=\"1100\">Maintenance industrielle<\/p>\n<\/li>\n<\/ul>\n<hr data-start=\"1102\" data-end=\"1105\" \/>\n<p data-start=\"1107\" data-end=\"1195\">\ud83d\udd12 <strong data-start=\"1110\" data-end=\"1195\">Un accessoire indispensable pour tous les professionnels et bricoleurs exigeants.<\/strong><\/p>\n<p data-start=\"1197\" data-end=\"1268\" data-is-last-node=\"\" data-is-only-node=\"\">\ud83d\udc49 Ajoutez-le \u00e0 votre panier et facilitez vos travaux d\u00e8s aujourd\u2019hui !<\/p>","protected":false},"excerpt":{"rendered":"<div style=\"width: 576px;\" class=\"wp-video\"><video class=\"wp-video-shortcode\" id=\"video-4035-1\" width=\"576\" height=\"1024\" preload=\"metadata\" controls=\"controls\"><source type=\"video\/mp4\" src=\"https:\/\/bricolagedz.com\/wp-content\/uploads\/2026\/02\/WhatsApp-Video-2026-02-16-at-15.17.50.mp4?_=1\" \/><a href=\"https:\/\/bricolagedz.com\/wp-content\/uploads\/2026\/02\/WhatsApp-Video-2026-02-16-at-15.17.50.mp4\">https:\/\/bricolagedz.com\/wp-content\/uploads\/2026\/02\/WhatsApp-Video-2026-02-16-at-15.17.50.mp4<\/a><\/video><\/div>","protected":false},"featured_media":4036,"comment_status":"open","ping_status":"closed","template":"","meta":[],"product_brand":[],"product_cat":[118],"product_tag":[],"class_list":{"0":"post-4035","1":"product","2":"type-product","3":"status-publish","4":"has-post-thumbnail","6":"product_cat-menuiserie","8":"first","9":"instock","10":"taxable","11":"shipping-taxable","12":"purchasable","13":"product-type-simple"},"_links":{"self":[{"href":"https:\/\/bricolagedz.com\/ar\/wp-json\/wp\/v2\/product\/4035","targetHints":{"allow":["GET"]}}],"collection":[{"href":"https:\/\/bricolagedz.com\/ar\/wp-json\/wp\/v2\/product"}],"about":[{"href":"https:\/\/bricolagedz.com\/ar\/wp-json\/wp\/v2\/types\/product"}],"replies":[{"embeddable":true,"href":"https:\/\/bricolagedz.com\/ar\/wp-json\/wp\/v2\/comments?post=4035"}],"version-history":[{"count":0,"href":"https:\/\/bricolagedz.com\/ar\/wp-json\/wp\/v2\/product\/4035\/revisions"}],"wp:featuredmedia":[{"embeddable":true,"href":"https:\/\/bricolagedz.com\/ar\/wp-json\/wp\/v2\/media\/4036"}],"wp:attachment":[{"href":"https:\/\/bricolagedz.com\/ar\/wp-json\/wp\/v2\/media?parent=4035"}],"wp:term":[{"taxonomy":"product_brand","embeddable":true,"href":"https:\/\/bricolagedz.com\/ar\/wp-json\/wp\/v2\/product_brand?post=4035"},{"taxonomy":"product_cat","embeddable":true,"href":"https:\/\/bricolagedz.com\/ar\/wp-json\/wp\/v2\/product_cat?post=4035"},{"taxonomy":"product_tag","embeddable":true,"href":"https:\/\/bricolagedz.com\/ar\/wp-json\/wp\/v2\/product_tag?post=4035"}],"curies":[{"name":"wp","href":"https:\/\/api.w.org\/{rel}","templated":true}]}}