{"id":3988,"date":"2026-02-15T13:44:42","date_gmt":"2026-02-15T13:44:42","guid":{"rendered":"https:\/\/bricolagedz.com\/?post_type=product&#038;p=3988"},"modified":"2026-03-29T11:08:51","modified_gmt":"2026-03-29T11:08:51","slug":"arrache-cremaillere","status":"publish","type":"product","link":"https:\/\/bricolagedz.com\/ar\/product\/arrache-cremaillere\/","title":{"rendered":"arrache cr\u00e9maill\u00e8re"},"content":{"rendered":"<h3 data-start=\"149\" data-end=\"195\">Kit d\u2019outils pour cr\u00e9maill\u00e8re de direction<\/h3>\n<p data-start=\"197\" data-end=\"408\"><strong data-start=\"197\" data-end=\"214\">Description :<\/strong><br data-start=\"214\" data-end=\"217\" \/>Ce kit d\u2019outils est con\u00e7u pour le d\u00e9montage et le montage des cr\u00e9maill\u00e8res de direction sur v\u00e9hicules. Il permet un entretien rapide et s\u00e9curis\u00e9 sans endommager les composants de direction.<\/p>\n<p data-start=\"410\" data-end=\"434\"><strong data-start=\"410\" data-end=\"432\">Caract\u00e9ristiques :<\/strong><\/p>\n<ul data-start=\"435\" data-end=\"804\">\n<li data-start=\"435\" data-end=\"511\">\n<p data-start=\"437\" data-end=\"511\">Comprend 1 tige d\u2019extension et 3 douilles sp\u00e9cifiques pour cr\u00e9maill\u00e8res.<\/p>\n<\/li>\n<li data-start=\"512\" data-end=\"573\">\n<p data-start=\"514\" data-end=\"573\">Fabrication en acier trait\u00e9 pour une r\u00e9sistance optimale.<\/p>\n<\/li>\n<li data-start=\"574\" data-end=\"633\">\n<p data-start=\"576\" data-end=\"633\">Rev\u00eatement anti-corrosion pour une longue dur\u00e9e de vie.<\/p>\n<\/li>\n<li data-start=\"634\" data-end=\"711\">\n<p data-start=\"636\" data-end=\"711\">Design compact et mallette de transport robuste pour un rangement facile.<\/p>\n<\/li>\n<li data-start=\"712\" data-end=\"804\">\n<p data-start=\"714\" data-end=\"804\">Compatible avec la plupart des v\u00e9hicules \u00e9quip\u00e9s de cr\u00e9maill\u00e8res de direction standards.<\/p>\n<\/li>\n<\/ul>\n<p data-start=\"806\" data-end=\"823\"><strong data-start=\"806\" data-end=\"821\">Avantages :<\/strong><\/p>\n<ul data-start=\"824\" data-end=\"1026\">\n<li data-start=\"824\" data-end=\"883\">\n<p data-start=\"826\" data-end=\"883\">Facilite le remplacement des cr\u00e9maill\u00e8res de direction.<\/p>\n<\/li>\n<li data-start=\"884\" data-end=\"947\">\n<p data-start=\"886\" data-end=\"947\">R\u00e9duit le temps d\u2019intervention gr\u00e2ce aux douilles adapt\u00e9es.<\/p>\n<\/li>\n<li data-start=\"948\" data-end=\"1026\">\n<p data-start=\"950\" data-end=\"1026\">S\u00e9curise les op\u00e9rations sans risque d\u2019ab\u00eemer les \u00e9crous ou la cr\u00e9maill\u00e8re.<\/p>\n<\/li>\n<\/ul>","protected":false},"excerpt":{"rendered":"<div style=\"width: 360px;\" class=\"wp-video\"><video class=\"wp-video-shortcode\" id=\"video-3988-1\" width=\"360\" height=\"640\" preload=\"metadata\" controls=\"controls\"><source type=\"video\/mp4\" src=\"https:\/\/bricolagedz.com\/wp-content\/uploads\/2026\/02\/WhatsApp-Video-2026-03-29-at-12.06.36-1.mp4?_=1\" \/><a href=\"https:\/\/bricolagedz.com\/wp-content\/uploads\/2026\/02\/WhatsApp-Video-2026-03-29-at-12.06.36-1.mp4\">https:\/\/bricolagedz.com\/wp-content\/uploads\/2026\/02\/WhatsApp-Video-2026-03-29-at-12.06.36-1.mp4<\/a><\/video><\/div>","protected":false},"featured_media":3989,"comment_status":"open","ping_status":"closed","template":"","meta":[],"product_brand":[],"product_cat":[116],"product_tag":[],"class_list":{"0":"post-3988","1":"product","2":"type-product","3":"status-publish","4":"has-post-thumbnail","6":"product_cat-mecanique","8":"first","9":"instock","10":"taxable","11":"shipping-taxable","12":"purchasable","13":"product-type-simple"},"_links":{"self":[{"href":"https:\/\/bricolagedz.com\/ar\/wp-json\/wp\/v2\/product\/3988","targetHints":{"allow":["GET"]}}],"collection":[{"href":"https:\/\/bricolagedz.com\/ar\/wp-json\/wp\/v2\/product"}],"about":[{"href":"https:\/\/bricolagedz.com\/ar\/wp-json\/wp\/v2\/types\/product"}],"replies":[{"embeddable":true,"href":"https:\/\/bricolagedz.com\/ar\/wp-json\/wp\/v2\/comments?post=3988"}],"version-history":[{"count":0,"href":"https:\/\/bricolagedz.com\/ar\/wp-json\/wp\/v2\/product\/3988\/revisions"}],"wp:featuredmedia":[{"embeddable":true,"href":"https:\/\/bricolagedz.com\/ar\/wp-json\/wp\/v2\/media\/3989"}],"wp:attachment":[{"href":"https:\/\/bricolagedz.com\/ar\/wp-json\/wp\/v2\/media?parent=3988"}],"wp:term":[{"taxonomy":"product_brand","embeddable":true,"href":"https:\/\/bricolagedz.com\/ar\/wp-json\/wp\/v2\/product_brand?post=3988"},{"taxonomy":"product_cat","embeddable":true,"href":"https:\/\/bricolagedz.com\/ar\/wp-json\/wp\/v2\/product_cat?post=3988"},{"taxonomy":"product_tag","embeddable":true,"href":"https:\/\/bricolagedz.com\/ar\/wp-json\/wp\/v2\/product_tag?post=3988"}],"curies":[{"name":"wp","href":"https:\/\/api.w.org\/{rel}","templated":true}]}}