{"id":3981,"date":"2026-02-15T12:44:24","date_gmt":"2026-02-15T12:44:24","guid":{"rendered":"https:\/\/bricolagedz.com\/?post_type=product&#038;p=3981"},"modified":"2026-02-15T12:44:35","modified_gmt":"2026-02-15T12:44:35","slug":"outils-de-calage-purtech-auto-manuel","status":"publish","type":"product","link":"https:\/\/bricolagedz.com\/ar\/product\/outils-de-calage-purtech-auto-manuel\/","title":{"rendered":"outils de calage purtech auto\/manuel."},"content":{"rendered":"","protected":false},"excerpt":{"rendered":"<p>outils de calage purtech auto\/manuel<\/p>\n<p>Le kit de calage moteur PureTech est sp\u00e9cialement con\u00e7u pour les moteurs essence PureTech 3 cylindres du groupe PSA. Indispensable lors du remplacement de la courroie de distribution ou d\u2019interventions sur la distribution, ce coffret garantit un calage pr\u00e9cis du vilebrequin et de l\u2019arbre \u00e0 cames afin d\u2019\u00e9viter tout d\u00e9calage moteur.<\/p>\n<p>Id\u00e9al pour les garages, m\u00e9caniciens professionnels et ateliers sp\u00e9cialis\u00e9s.<\/p>\n<p>Compatibilit\u00e9<\/p>\n<p>Compatible avec les moteurs 1.0L \/ 1.2L PureTech \u00e9quipant plusieurs mod\u00e8les :<\/p>\n<p>Peugeot-Citro\u00ebn-DS Automobiles-Opel (moteurs PureTech issus du groupe PSA)<\/p>\n<p>(V\u00e9rifier la motorisation exacte avant utilisation.)<\/p>\n<p>\ud83d\udce6 Contenu du coffret<\/p>\n<p>Outil de blocage arbre \u00e0 cames<\/p>\n<p>Pige de calage vilebrequin<\/p>\n<p>Support de maintien<\/p>\n<p>Plaques et adaptateurs sp\u00e9cifiques<\/p>\n<p>Coffret rigide avec mousse de protection haute densit\u00e9<\/p>\n<p>\ud83d\udee0\ufe0f Caract\u00e9ristiques techniques<\/p>\n<p>Acier haute r\u00e9sistance trait\u00e9 anticorrosion<\/p>\n<p>Fabrication pr\u00e9cise pour un calage fiable<\/p>\n<p>Usage professionnel intensif<\/p>\n<p>Facilite le remplacement de courroie de distribution<\/p>\n<p>\ud83c\udfaf Avantages<\/p>\n<p>\u00c9vite tout d\u00e9calage de distribution<\/p>\n<p>S\u00e9curise l\u2019intervention moteur<\/p>\n<p>Gain de temps en atelier<\/p>\n<p>Outil indispensable pour moteurs PureTech<\/p>","protected":false},"featured_media":3982,"comment_status":"open","ping_status":"closed","template":"","meta":[],"product_brand":[],"product_cat":[116],"product_tag":[],"class_list":{"0":"post-3981","1":"product","2":"type-product","3":"status-publish","4":"has-post-thumbnail","6":"product_cat-mecanique","8":"first","9":"instock","10":"taxable","11":"shipping-taxable","12":"purchasable","13":"product-type-simple"},"_links":{"self":[{"href":"https:\/\/bricolagedz.com\/ar\/wp-json\/wp\/v2\/product\/3981","targetHints":{"allow":["GET"]}}],"collection":[{"href":"https:\/\/bricolagedz.com\/ar\/wp-json\/wp\/v2\/product"}],"about":[{"href":"https:\/\/bricolagedz.com\/ar\/wp-json\/wp\/v2\/types\/product"}],"replies":[{"embeddable":true,"href":"https:\/\/bricolagedz.com\/ar\/wp-json\/wp\/v2\/comments?post=3981"}],"version-history":[{"count":0,"href":"https:\/\/bricolagedz.com\/ar\/wp-json\/wp\/v2\/product\/3981\/revisions"}],"wp:featuredmedia":[{"embeddable":true,"href":"https:\/\/bricolagedz.com\/ar\/wp-json\/wp\/v2\/media\/3982"}],"wp:attachment":[{"href":"https:\/\/bricolagedz.com\/ar\/wp-json\/wp\/v2\/media?parent=3981"}],"wp:term":[{"taxonomy":"product_brand","embeddable":true,"href":"https:\/\/bricolagedz.com\/ar\/wp-json\/wp\/v2\/product_brand?post=3981"},{"taxonomy":"product_cat","embeddable":true,"href":"https:\/\/bricolagedz.com\/ar\/wp-json\/wp\/v2\/product_cat?post=3981"},{"taxonomy":"product_tag","embeddable":true,"href":"https:\/\/bricolagedz.com\/ar\/wp-json\/wp\/v2\/product_tag?post=3981"}],"curies":[{"name":"wp","href":"https:\/\/api.w.org\/{rel}","templated":true}]}}