{"id":3962,"date":"2026-02-11T12:00:52","date_gmt":"2026-02-11T12:00:52","guid":{"rendered":"https:\/\/bricolagedz.com\/?post_type=product&#038;p=3962"},"modified":"2026-03-14T13:46:51","modified_gmt":"2026-03-14T13:46:51","slug":"ventouse-de-fixation-multifonction","status":"publish","type":"product","link":"https:\/\/bricolagedz.com\/ar\/product\/ventouse-de-fixation-multifonction\/","title":{"rendered":"ventouse de fixation multifonction"},"content":{"rendered":"<p data-path-to-node=\"2\">\u00a0&#8211; ventouse haute r\u00e9sistance pour se fixer solidement sur une dalle de pierre ou un carreau. Les molettes r\u00e9glables permettent ensuite d&rsquo;ajuster avec une pr\u00e9cision millim\u00e9trique la position de la deuxi\u00e8me pi\u00e8ce.<\/p>\n<ul data-path-to-node=\"3\">\n<li>\n<p data-path-to-node=\"3,0,0\"><b data-path-to-node=\"3,0,0\" data-index-in-node=\"0\">Assemblage \u00e0 90 degr\u00e9s :<\/b> Comme on le voit sur vos photos, il est principalement utilis\u00e9 pour les <b data-path-to-node=\"3,0,0\" data-index-in-node=\"97\">coupes d&rsquo;onglet<\/b> (deux bords coup\u00e9s \u00e0 45\u00b0 qui se rejoignent pour former un angle droit parfait).<\/p>\n<\/li>\n<li>\n<p data-path-to-node=\"3,1,0\"><b data-path-to-node=\"3,1,0\" data-index-in-node=\"0\">Mise \u00e0 niveau et serrage :<\/b> Les tiges filet\u00e9es permettent de rapprocher ou d&rsquo;\u00e9carter les deux dalles et de r\u00e9gler leur hauteur jusqu&rsquo;\u00e0 ce que le joint soit totalement affleurant (lisse au toucher).<\/p>\n<\/li>\n<li>\n<p data-path-to-node=\"3,2,0\"><b data-path-to-node=\"3,2,0\" data-index-in-node=\"0\">Maintien pendant le s\u00e9chage :<\/b> Il maintient les pi\u00e8ces lourdes en place pendant que la colle \u00e9poxy ou la r\u00e9sine durcit, \u00e9vitant ainsi que les plaques ne glissent ou ne bougent.<\/p>\n<\/li>\n<\/ul>\n<hr data-path-to-node=\"4\" \/>\n<h2 data-path-to-node=\"5\">Caract\u00e9ristiques principales<\/h2>\n<ul data-path-to-node=\"6\">\n<li>\n<p data-path-to-node=\"6,0,0\"><b data-path-to-node=\"6,0,0\" data-index-in-node=\"0\">Levier de succion :<\/b> La poign\u00e9e noire cr\u00e9e un vide d&rsquo;air pour une adh\u00e9rence maximale sur les surfaces lisses (marbre, granit, quartz ou gr\u00e8s c\u00e9rame).<\/p>\n<\/li>\n<li>\n<p data-path-to-node=\"6,1,0\"><b data-path-to-node=\"6,1,0\" data-index-in-node=\"0\">Vis de r\u00e9glage de pr\u00e9cision :<\/b> Pour contr\u00f4ler l&rsquo;alignement vertical et horizontal du joint.<\/p>\n<\/li>\n<li>\n<p data-path-to-node=\"6,2,0\"><b data-path-to-node=\"6,2,0\" data-index-in-node=\"0\">Protection des surfaces :<\/b> Comme il fonctionne par ventouse, il ne raye pas la pierre et ne n\u00e9cessite pas de per\u00e7age.<\/p>\n<\/li>\n<\/ul>","protected":false},"excerpt":{"rendered":"<div style=\"width: 576px;\" class=\"wp-video\"><video class=\"wp-video-shortcode\" id=\"video-3962-1\" width=\"576\" height=\"1024\" preload=\"metadata\" controls=\"controls\"><source type=\"video\/mp4\" src=\"https:\/\/bricolagedz.com\/wp-content\/uploads\/2026\/02\/WhatsApp-Video-2026-02-11-at-12.59.13.mp4?_=1\" \/><a href=\"https:\/\/bricolagedz.com\/wp-content\/uploads\/2026\/02\/WhatsApp-Video-2026-02-11-at-12.59.13.mp4\">https:\/\/bricolagedz.com\/wp-content\/uploads\/2026\/02\/WhatsApp-Video-2026-02-11-at-12.59.13.mp4<\/a><\/video><\/div>","protected":false},"featured_media":3966,"comment_status":"open","ping_status":"closed","template":"","meta":[],"product_brand":[],"product_cat":[115],"product_tag":[],"class_list":{"0":"post-3962","1":"product","2":"type-product","3":"status-publish","4":"has-post-thumbnail","6":"product_cat-maconnerie","8":"first","9":"instock","10":"taxable","11":"shipping-taxable","12":"purchasable","13":"product-type-simple"},"_links":{"self":[{"href":"https:\/\/bricolagedz.com\/ar\/wp-json\/wp\/v2\/product\/3962","targetHints":{"allow":["GET"]}}],"collection":[{"href":"https:\/\/bricolagedz.com\/ar\/wp-json\/wp\/v2\/product"}],"about":[{"href":"https:\/\/bricolagedz.com\/ar\/wp-json\/wp\/v2\/types\/product"}],"replies":[{"embeddable":true,"href":"https:\/\/bricolagedz.com\/ar\/wp-json\/wp\/v2\/comments?post=3962"}],"version-history":[{"count":0,"href":"https:\/\/bricolagedz.com\/ar\/wp-json\/wp\/v2\/product\/3962\/revisions"}],"wp:featuredmedia":[{"embeddable":true,"href":"https:\/\/bricolagedz.com\/ar\/wp-json\/wp\/v2\/media\/3966"}],"wp:attachment":[{"href":"https:\/\/bricolagedz.com\/ar\/wp-json\/wp\/v2\/media?parent=3962"}],"wp:term":[{"taxonomy":"product_brand","embeddable":true,"href":"https:\/\/bricolagedz.com\/ar\/wp-json\/wp\/v2\/product_brand?post=3962"},{"taxonomy":"product_cat","embeddable":true,"href":"https:\/\/bricolagedz.com\/ar\/wp-json\/wp\/v2\/product_cat?post=3962"},{"taxonomy":"product_tag","embeddable":true,"href":"https:\/\/bricolagedz.com\/ar\/wp-json\/wp\/v2\/product_tag?post=3962"}],"curies":[{"name":"wp","href":"https:\/\/api.w.org\/{rel}","templated":true}]}}