{"id":3935,"date":"2026-02-09T13:25:41","date_gmt":"2026-02-09T13:25:41","guid":{"rendered":"https:\/\/bricolagedz.com\/?post_type=product&#038;p=3935"},"modified":"2026-03-23T23:27:03","modified_gmt":"2026-03-23T23:27:03","slug":"cutter-rotatif","status":"publish","type":"product","link":"https:\/\/bricolagedz.com\/ar\/product\/cutter-rotatif\/","title":{"rendered":"cutter rotatif"},"content":{"rendered":"<p data-path-to-node=\"0\">Cet outil est un <b data-path-to-node=\"0\" data-index-in-node=\"17\">cutter rotatif<\/b> (souvent appel\u00e9 \u00ab\u00a0rotary cutter\u00a0\u00bb). C&rsquo;est l&rsquo;outil de pr\u00e9dilection pour tous les travaux de d\u00e9coupe pr\u00e9cise sur des mat\u00e9riaux souples, offrant une fluidit\u00e9 bien sup\u00e9rieure aux ciseaux classiques.<\/p>\n<h2 data-path-to-node=\"1\">\u00c0 quoi \u00e7a sert ?<\/h2>\n<p data-path-to-node=\"2\">Il fonctionne comme une roulette \u00e0 pizza, mais avec une lame circulaire ultra-aff\u00fbt\u00e9e. Il est id\u00e9al pour :<\/p>\n<ul data-path-to-node=\"3\">\n<li>\n<p data-path-to-node=\"3,0,0\"><b data-path-to-node=\"3,0,0\" data-index-in-node=\"0\">Le textile et la couture :<\/b> Couper plusieurs couches de tissu simultan\u00e9ment sans qu&rsquo;elles ne glissent.<\/p>\n<\/li>\n<li>\n<p data-path-to-node=\"3,1,0\"><b data-path-to-node=\"3,1,0\" data-index-in-node=\"0\">Le patchwork et le cuir :<\/b> R\u00e9aliser des coupes droites parfaites (avec une r\u00e8gle) ou des courbes fluides.<\/p>\n<\/li>\n<li>\n<p data-path-to-node=\"3,2,0\"><b data-path-to-node=\"3,2,0\" data-index-in-node=\"0\">Le papier et le carton fin :<\/b> Id\u00e9al pour les loisirs cr\u00e9atifs, le scrapbooking ou la d\u00e9coupe de vinyle.<\/p>\n<\/li>\n<\/ul>\n<hr data-path-to-node=\"4\" \/>\n<h2 data-path-to-node=\"5\">Pourquoi est-il efficace ?<\/h2>\n<ul data-path-to-node=\"6\">\n<li>\n<p data-path-to-node=\"6,0,0\"><b data-path-to-node=\"6,0,0\" data-index-in-node=\"0\">Lame de 45 mm :<\/b> C&rsquo;est la taille standard la plus polyvalente, offrant un excellent \u00e9quilibre entre pr\u00e9cision et capacit\u00e9 de coupe.<\/p>\n<\/li>\n<li>\n<p data-path-to-node=\"6,1,0\"><b data-path-to-node=\"6,1,0\" data-index-in-node=\"0\">Ergonomie :<\/b> La poign\u00e9e est con\u00e7ue pour r\u00e9duire la fatigue de la main lors d&rsquo;une utilisation prolong\u00e9e.<\/p>\n<\/li>\n<li>\n<p data-path-to-node=\"6,2,0\"><b data-path-to-node=\"6,2,0\" data-index-in-node=\"0\">S\u00e9curit\u00e9 :<\/b> Il poss\u00e8de g\u00e9n\u00e9ralement une g\u00e2chette ou un bouton pour r\u00e9tracter la lame lorsqu&rsquo;elle n&rsquo;est pas utilis\u00e9e.<\/p>\n<\/li>\n<\/ul>\n<h2 data-path-to-node=\"7\">Conseil de pro<\/h2>\n<p data-path-to-node=\"8\">Pour pr\u00e9server la lame et ne pas ab\u00eemer votre plan de travail, il est <b data-path-to-node=\"8\" data-index-in-node=\"70\">fortement recommand\u00e9<\/b> d&rsquo;utiliser cet outil avec un <b data-path-to-node=\"8\" data-index-in-node=\"120\">tapis de d\u00e9coupe auto-cicatrisant<\/b>.<\/p>","protected":false},"excerpt":{"rendered":"<div style=\"width: 576px;\" class=\"wp-video\"><video class=\"wp-video-shortcode\" id=\"video-3935-1\" width=\"576\" height=\"1024\" preload=\"metadata\" controls=\"controls\"><source type=\"video\/mp4\" src=\"https:\/\/bricolagedz.com\/wp-content\/uploads\/2026\/02\/WhatsApp-Video-2026-02-09-at-14.23.41.mp4?_=1\" \/><a href=\"https:\/\/bricolagedz.com\/wp-content\/uploads\/2026\/02\/WhatsApp-Video-2026-02-09-at-14.23.41.mp4\">https:\/\/bricolagedz.com\/wp-content\/uploads\/2026\/02\/WhatsApp-Video-2026-02-09-at-14.23.41.mp4<\/a><\/video><\/div>","protected":false},"featured_media":3936,"comment_status":"open","ping_status":"closed","template":"","meta":[],"product_brand":[],"product_cat":[111],"product_tag":[],"class_list":{"0":"post-3935","1":"product","2":"type-product","3":"status-publish","4":"has-post-thumbnail","6":"product_cat-artisan","8":"first","9":"instock","10":"taxable","11":"shipping-taxable","12":"purchasable","13":"product-type-simple"},"_links":{"self":[{"href":"https:\/\/bricolagedz.com\/ar\/wp-json\/wp\/v2\/product\/3935","targetHints":{"allow":["GET"]}}],"collection":[{"href":"https:\/\/bricolagedz.com\/ar\/wp-json\/wp\/v2\/product"}],"about":[{"href":"https:\/\/bricolagedz.com\/ar\/wp-json\/wp\/v2\/types\/product"}],"replies":[{"embeddable":true,"href":"https:\/\/bricolagedz.com\/ar\/wp-json\/wp\/v2\/comments?post=3935"}],"version-history":[{"count":0,"href":"https:\/\/bricolagedz.com\/ar\/wp-json\/wp\/v2\/product\/3935\/revisions"}],"wp:featuredmedia":[{"embeddable":true,"href":"https:\/\/bricolagedz.com\/ar\/wp-json\/wp\/v2\/media\/3936"}],"wp:attachment":[{"href":"https:\/\/bricolagedz.com\/ar\/wp-json\/wp\/v2\/media?parent=3935"}],"wp:term":[{"taxonomy":"product_brand","embeddable":true,"href":"https:\/\/bricolagedz.com\/ar\/wp-json\/wp\/v2\/product_brand?post=3935"},{"taxonomy":"product_cat","embeddable":true,"href":"https:\/\/bricolagedz.com\/ar\/wp-json\/wp\/v2\/product_cat?post=3935"},{"taxonomy":"product_tag","embeddable":true,"href":"https:\/\/bricolagedz.com\/ar\/wp-json\/wp\/v2\/product_tag?post=3935"}],"curies":[{"name":"wp","href":"https:\/\/api.w.org\/{rel}","templated":true}]}}