{"id":3927,"date":"2026-02-08T14:49:36","date_gmt":"2026-02-08T14:49:36","guid":{"rendered":"https:\/\/bricolagedz.com\/?post_type=product&#038;p=3927"},"modified":"2026-03-14T14:53:19","modified_gmt":"2026-03-14T14:53:19","slug":"colle-deux-tube-pour-metal","status":"publish","type":"product","link":"https:\/\/bricolagedz.com\/ar\/product\/colle-deux-tube-pour-metal\/","title":{"rendered":"colle deux tube pour metal"},"content":{"rendered":"<div class=\"ng-tns-c118864085-74\">\n<section id=\"processing-state-8\" class=\"processing-state_container is-gpi-avatar ng-tns-c118864085-74 ng-trigger ng-trigger-processingStateShowHide ng-star-inserted is-done-processing\">\n<div id=\"processing-state-8-summary\" class=\"processing-state_details is-gpi-avatar ng-trigger ng-trigger-menuExpansion ng-tns-c118864085-74 ng-star-inserted\" aria-hidden=\"true\">\n<div class=\"tool-summary ng-tns-c118864085-74\">\n<div class=\"tool-summary-message ng-tns-c118864085-74 gds-body-l ng-star-inserted\">\n<div class=\"ng-tns-c118864085-74\">Ce produit est une <b data-path-to-node=\"0\" data-index-in-node=\"19\">colle \u00e9poxy bi-composante pour m\u00e9taux<\/b> (souvent appel\u00e9e \u00ab\u00a0soudure \u00e0 froid\u00a0\u00bb). C&rsquo;est une solution de r\u00e9paration ultra-r\u00e9sistante con\u00e7ue pour colmater, sceller et assembler les m\u00e9taux sans avoir besoin d&rsquo;un poste \u00e0 souder.<\/div>\n<\/div>\n<\/div>\n<\/div>\n<\/section>\n<\/div>\n<div class=\"response-content ng-tns-c3283743458-73\">\n<div class=\"container\">\n<div id=\"model-response-message-contentr_5e504e1e45fb9917\" class=\"markdown markdown-main-panel enable-updated-hr-color\" dir=\"ltr\" aria-live=\"polite\" aria-busy=\"false\">\n<h2 data-path-to-node=\"1\">\u00c0 quoi \u00e7a sert ?<\/h2>\n<p data-path-to-node=\"2\">Elle est sp\u00e9cialement formul\u00e9e pour r\u00e9parer les pi\u00e8ces m\u00e9talliques soumises \u00e0 de fortes contraintes. Une fois durcie, elle devient aussi dure que l&rsquo;acier. Elle est id\u00e9ale pour :<\/p>\n<ul data-path-to-node=\"3\">\n<li>\n<p data-path-to-node=\"3,0,0\"><b data-path-to-node=\"3,0,0\" data-index-in-node=\"0\">R\u00e9parations m\u00e9caniques :<\/b> Colmater des fissures sur un bloc moteur, un carter d&rsquo;huile ou un radiateur.<\/p>\n<\/li>\n<li>\n<p data-path-to-node=\"3,1,0\"><b data-path-to-node=\"3,1,0\" data-index-in-node=\"0\">Plomberie :<\/b> Boucher des fuites sur des tuyaux en fer, acier ou cuivre.<\/p>\n<\/li>\n<li>\n<p data-path-to-node=\"3,2,0\"><b data-path-to-node=\"3,2,0\" data-index-in-node=\"0\">Restauration :<\/b> Reconstituer des parties manquantes ou us\u00e9es sur des outils ou des pi\u00e8ces de carrosserie.<\/p>\n<\/li>\n<\/ul>\n<hr data-path-to-node=\"4\" \/>\n<h2 data-path-to-node=\"5\">Comment \u00e7a fonctionne ?<\/h2>\n<p data-path-to-node=\"6\">Le syst\u00e8me repose sur deux tubes distincts (<b data-path-to-node=\"6\" data-index-in-node=\"44\">A<\/b> et <b data-path-to-node=\"6\" data-index-in-node=\"49\">B<\/b>) :<\/p>\n<ol start=\"1\" data-path-to-node=\"7\">\n<li>\n<p data-path-to-node=\"7,0,0\"><b data-path-to-node=\"7,0,0\" data-index-in-node=\"0\">Le m\u00e9lange :<\/b> On m\u00e9lange une quantit\u00e9 \u00e9gale de la r\u00e9sine (A) et du durcisseur (B). La r\u00e9action chimique d\u00e9clenche le processus de polym\u00e9risation.<\/p>\n<\/li>\n<li>\n<p data-path-to-node=\"7,1,0\"><b data-path-to-node=\"7,1,0\" data-index-in-node=\"0\">L&rsquo;application :<\/b> On applique la p\u00e2te sur une surface propre et d\u00e9graiss\u00e9e.<\/p>\n<\/li>\n<li>\n<p data-path-to-node=\"7,2,0\"><b data-path-to-node=\"7,2,0\" data-index-in-node=\"0\">Le r\u00e9sultat :<\/b> Apr\u00e8s s\u00e9chage complet (souvent 24h), la colle peut \u00eatre <b data-path-to-node=\"7,2,0\" data-index-in-node=\"70\">perc\u00e9e, taraud\u00e9e, lim\u00e9e, ponc\u00e9e et peinte<\/b>.<\/p>\n<\/li>\n<\/ol>\n<hr data-path-to-node=\"8\" \/>\n<h2 data-path-to-node=\"9\">Pourquoi est-ce un produit indispensable ?<\/h2>\n<ul data-path-to-node=\"10\">\n<li>\n<p data-path-to-node=\"10,0,0\"><b data-path-to-node=\"10,0,0\" data-index-in-node=\"0\">Haute r\u00e9sistance thermique :<\/b> Elle supporte g\u00e9n\u00e9ralement des temp\u00e9ratures allant jusqu&rsquo;\u00e0 <b data-path-to-node=\"10,0,0\" data-index-in-node=\"88\">150\u00b0C<\/b> (voire plus selon les marques).<\/p>\n<\/li>\n<li>\n<p data-path-to-node=\"10,1,0\"><b data-path-to-node=\"10,1,0\" data-index-in-node=\"0\">R\u00e9sistance chimique :<\/b> Une fois s\u00e8che, elle r\u00e9siste \u00e0 l&rsquo;eau, aux carburants, aux huiles et aux solvants.<\/p>\n<\/li>\n<li>\n<p data-path-to-node=\"10,2,0\"><b data-path-to-node=\"10,2,0\" data-index-in-node=\"0\">Polyvalence :<\/b> Bien qu&rsquo;optimis\u00e9e pour le m\u00e9tal, elle fonctionne aussi sur le bois, le plastique rigide et la c\u00e9ramique.<\/p>\n<\/li>\n<\/ul>\n<h2 data-path-to-node=\"11\">Caract\u00e9ristiques cl\u00e9s<\/h2>\n<ul data-path-to-node=\"12\">\n<li>\n<p data-path-to-node=\"12,0,0\"><b data-path-to-node=\"12,0,0\" data-index-in-node=\"0\">Type :<\/b> Colle industrielle bi-composante.<\/p>\n<\/li>\n<li>\n<p data-path-to-node=\"12,1,0\"><b data-path-to-node=\"12,1,0\" data-index-in-node=\"0\">Force :<\/b> Tr\u00e8s haute adh\u00e9rence et r\u00e9sistance \u00e0 la traction.<\/p>\n<\/li>\n<li>\n<p data-path-to-node=\"12,2,0\"><b data-path-to-node=\"12,2,0\" data-index-in-node=\"0\">Praticit\u00e9 :<\/b> Alternative rapide et \u00e9conomique \u00e0 la soudure traditionnelle.<\/p>\n<\/li>\n<\/ul>\n<\/div>\n<\/div>\n<\/div>","protected":false},"excerpt":{"rendered":"<div style=\"width: 576px;\" class=\"wp-video\"><video class=\"wp-video-shortcode\" id=\"video-3927-1\" width=\"576\" height=\"1024\" preload=\"metadata\" controls=\"controls\"><source type=\"video\/mp4\" src=\"https:\/\/bricolagedz.com\/wp-content\/uploads\/2026\/02\/WhatsApp-Video-2026-02-08-at-15.47.50.mp4?_=1\" \/><a href=\"https:\/\/bricolagedz.com\/wp-content\/uploads\/2026\/02\/WhatsApp-Video-2026-02-08-at-15.47.50.mp4\">https:\/\/bricolagedz.com\/wp-content\/uploads\/2026\/02\/WhatsApp-Video-2026-02-08-at-15.47.50.mp4<\/a><\/video><\/div>","protected":false},"featured_media":3928,"comment_status":"open","ping_status":"closed","template":"","meta":[],"product_brand":[],"product_cat":[113],"product_tag":[],"class_list":{"0":"post-3927","1":"product","2":"type-product","3":"status-publish","4":"has-post-thumbnail","6":"product_cat-bricolage-et-jardinage","8":"first","9":"instock","10":"taxable","11":"shipping-taxable","12":"purchasable","13":"product-type-simple"},"_links":{"self":[{"href":"https:\/\/bricolagedz.com\/ar\/wp-json\/wp\/v2\/product\/3927","targetHints":{"allow":["GET"]}}],"collection":[{"href":"https:\/\/bricolagedz.com\/ar\/wp-json\/wp\/v2\/product"}],"about":[{"href":"https:\/\/bricolagedz.com\/ar\/wp-json\/wp\/v2\/types\/product"}],"replies":[{"embeddable":true,"href":"https:\/\/bricolagedz.com\/ar\/wp-json\/wp\/v2\/comments?post=3927"}],"version-history":[{"count":0,"href":"https:\/\/bricolagedz.com\/ar\/wp-json\/wp\/v2\/product\/3927\/revisions"}],"wp:featuredmedia":[{"embeddable":true,"href":"https:\/\/bricolagedz.com\/ar\/wp-json\/wp\/v2\/media\/3928"}],"wp:attachment":[{"href":"https:\/\/bricolagedz.com\/ar\/wp-json\/wp\/v2\/media?parent=3927"}],"wp:term":[{"taxonomy":"product_brand","embeddable":true,"href":"https:\/\/bricolagedz.com\/ar\/wp-json\/wp\/v2\/product_brand?post=3927"},{"taxonomy":"product_cat","embeddable":true,"href":"https:\/\/bricolagedz.com\/ar\/wp-json\/wp\/v2\/product_cat?post=3927"},{"taxonomy":"product_tag","embeddable":true,"href":"https:\/\/bricolagedz.com\/ar\/wp-json\/wp\/v2\/product_tag?post=3927"}],"curies":[{"name":"wp","href":"https:\/\/api.w.org\/{rel}","templated":true}]}}