{"id":3819,"date":"2026-02-02T13:09:51","date_gmt":"2026-02-02T13:09:51","guid":{"rendered":"https:\/\/bricolagedz.com\/?post_type=product&#038;p=3819"},"modified":"2026-03-09T12:28:18","modified_gmt":"2026-03-09T12:28:18","slug":"mini-lame-de-scie-alternative-pour-placo-5pcs","status":"publish","type":"product","link":"https:\/\/bricolagedz.com\/ar\/product\/mini-lame-de-scie-alternative-pour-placo-5pcs\/","title":{"rendered":"mini lame de scie alternative pour placo -5pcs-"},"content":{"rendered":"<h2 class=\"cdk-visually-hidden ng-star-inserted\"><span style=\"font-size: 22px;\">Caract\u00e9ristiques Principales<\/span><\/h2>\n<div class=\"container\">\n<div id=\"model-response-message-contentr_925d8d573b1e9440\" class=\"markdown markdown-main-panel enable-updated-hr-color\" dir=\"ltr\" aria-live=\"polite\" aria-busy=\"false\">\n<ul data-path-to-node=\"6\">\n<li>\n<p data-path-to-node=\"6,0,0\"><b data-path-to-node=\"6,0,0\" data-index-in-node=\"0\">Usage :<\/b> D\u00e9coupe rapide et nette de trous pour bo\u00eetiers \u00e9lectriques simples ou doubles.<\/p>\n<\/li>\n<li>\n<p data-path-to-node=\"6,1,0\"><b data-path-to-node=\"6,1,0\" data-index-in-node=\"0\">Compatibilit\u00e9 :<\/b> S&rsquo;adapte sur la majorit\u00e9 des <b data-path-to-node=\"6,1,0\" data-index-in-node=\"45\">scies sabres<\/b> du march\u00e9 gr\u00e2ce \u00e0 son emmanchement universel.<\/p>\n<\/li>\n<li>\n<p data-path-to-node=\"6,2,0\"><b data-path-to-node=\"6,2,0\" data-index-in-node=\"0\">Pr\u00e9cision :<\/b> La g\u00e9om\u00e9trie de la lame est con\u00e7ue pour respecter les dimensions des bo\u00eetes de d\u00e9rivation et d&rsquo;encastrement.<\/p>\n<\/li>\n<li>\n<p data-path-to-node=\"6,3,0\"><b data-path-to-node=\"6,3,0\" data-index-in-node=\"0\">Mat\u00e9riau :<\/b> Acier \u00e0 haute teneur en carbone (HCS), optimis\u00e9 pour le pl\u00e2tre et les mat\u00e9riaux tendres.<\/p>\n<\/li>\n<\/ul>\n<\/div>\n<\/div>","protected":false},"excerpt":{"rendered":"<div style=\"width: 360px;\" class=\"wp-video\"><video class=\"wp-video-shortcode\" id=\"video-3819-1\" width=\"360\" height=\"640\" preload=\"metadata\" controls=\"controls\"><source type=\"video\/mp4\" src=\"https:\/\/bricolagedz.com\/wp-content\/uploads\/2026\/02\/WhatsApp-Video-2026-02-02-at-14.08.36-1.mp4?_=1\" \/><a href=\"https:\/\/bricolagedz.com\/wp-content\/uploads\/2026\/02\/WhatsApp-Video-2026-02-02-at-14.08.36-1.mp4\">https:\/\/bricolagedz.com\/wp-content\/uploads\/2026\/02\/WhatsApp-Video-2026-02-02-at-14.08.36-1.mp4<\/a><\/video><\/div>","protected":false},"featured_media":3820,"comment_status":"open","ping_status":"closed","template":"","meta":[],"product_brand":[],"product_cat":[121],"product_tag":[],"class_list":{"0":"post-3819","1":"product","2":"type-product","3":"status-publish","4":"has-post-thumbnail","6":"product_cat-placo","8":"first","9":"instock","10":"taxable","11":"shipping-taxable","12":"purchasable","13":"product-type-simple"},"_links":{"self":[{"href":"https:\/\/bricolagedz.com\/ar\/wp-json\/wp\/v2\/product\/3819","targetHints":{"allow":["GET"]}}],"collection":[{"href":"https:\/\/bricolagedz.com\/ar\/wp-json\/wp\/v2\/product"}],"about":[{"href":"https:\/\/bricolagedz.com\/ar\/wp-json\/wp\/v2\/types\/product"}],"replies":[{"embeddable":true,"href":"https:\/\/bricolagedz.com\/ar\/wp-json\/wp\/v2\/comments?post=3819"}],"version-history":[{"count":0,"href":"https:\/\/bricolagedz.com\/ar\/wp-json\/wp\/v2\/product\/3819\/revisions"}],"wp:featuredmedia":[{"embeddable":true,"href":"https:\/\/bricolagedz.com\/ar\/wp-json\/wp\/v2\/media\/3820"}],"wp:attachment":[{"href":"https:\/\/bricolagedz.com\/ar\/wp-json\/wp\/v2\/media?parent=3819"}],"wp:term":[{"taxonomy":"product_brand","embeddable":true,"href":"https:\/\/bricolagedz.com\/ar\/wp-json\/wp\/v2\/product_brand?post=3819"},{"taxonomy":"product_cat","embeddable":true,"href":"https:\/\/bricolagedz.com\/ar\/wp-json\/wp\/v2\/product_cat?post=3819"},{"taxonomy":"product_tag","embeddable":true,"href":"https:\/\/bricolagedz.com\/ar\/wp-json\/wp\/v2\/product_tag?post=3819"}],"curies":[{"name":"wp","href":"https:\/\/api.w.org\/{rel}","templated":true}]}}