{"id":3788,"date":"2026-02-02T10:05:31","date_gmt":"2026-02-02T10:05:31","guid":{"rendered":"https:\/\/bricolagedz.com\/?post_type=product&#038;p=3788"},"modified":"2026-02-16T13:06:09","modified_gmt":"2026-02-16T13:06:09","slug":"separateur-de-rotule-type-fourche","status":"publish","type":"product","link":"https:\/\/bricolagedz.com\/ar\/product\/separateur-de-rotule-type-fourche\/","title":{"rendered":"S\u00e9parateur de rotule Type Fourche"},"content":{"rendered":"<article class=\"text-token-text-primary w-full focus:outline-none [--shadow-height:45px] has-data-writing-block:pointer-events-none has-data-writing-block:-mt-(--shadow-height) has-data-writing-block:pt-(--shadow-height) [&amp;:has([data-writing-block])&gt;*]:pointer-events-auto scroll-mt-(--header-height)\" dir=\"auto\" data-turn-id=\"b4ff4838-b531-4620-b777-66d5c6ccf558\" data-testid=\"conversation-turn-1\" data-scroll-anchor=\"false\" data-turn=\"user\"><\/article>\n<article class=\"text-token-text-primary w-full focus:outline-none [--shadow-height:45px] has-data-writing-block:pointer-events-none has-data-writing-block:-mt-(--shadow-height) has-data-writing-block:pt-(--shadow-height) [&amp;:has([data-writing-block])&gt;*]:pointer-events-auto [content-visibility:auto] supports-[content-visibility:auto]:[contain-intrinsic-size:auto_100lvh] scroll-mt-[calc(var(--header-height)+min(200px,max(70px,20svh)))]\" dir=\"auto\" data-turn-id=\"request-WEB:6b0686d5-0fad-4b13-8cf4-5fb8d4377d71-0\" data-testid=\"conversation-turn-2\" data-scroll-anchor=\"true\" data-turn=\"assistant\">\n<div class=\"text-base my-auto mx-auto pb-10 [--thread-content-margin:--spacing(4)] @w-sm\/main:[--thread-content-margin:--spacing(6)] @w-lg\/main:[--thread-content-margin:--spacing(16)] px-(--thread-content-margin)\">\n<div class=\"[--thread-content-max-width:40rem] @w-lg\/main:[--thread-content-max-width:48rem] mx-auto max-w-(--thread-content-max-width) flex-1 group\/turn-messages focus-visible:outline-hidden relative flex w-full min-w-0 flex-col agent-turn\">\n<div class=\"flex max-w-full flex-col grow\">\n<div class=\"min-h-8 text-message relative flex w-full flex-col items-end gap-2 text-start break-words whitespace-normal [.text-message+&amp;]:mt-1\" dir=\"auto\" data-message-author-role=\"assistant\" data-message-id=\"f7be4969-268b-4c79-975d-2dfef8cd19f6\" data-message-model-slug=\"gpt-5-2\">\n<div class=\"flex w-full flex-col gap-1 empty:hidden first:pt-[1px]\">\n<div class=\"markdown prose dark:prose-invert w-full wrap-break-word light markdown-new-styling\">\n<h3 data-start=\"0\" data-end=\"66\">S\u00e9parateur de Rotule Type Fourche \u2013 Outil d\u2019Extraction Robuste<\/h3>\n<p data-start=\"68\" data-end=\"345\">Le <strong data-start=\"71\" data-end=\"108\">s\u00e9parateur de rotule type fourche<\/strong> est un outil indispensable pour les travaux de m\u00e9canique automobile. Con\u00e7u pour d\u00e9solidariser efficacement les rotules de suspension et de direction, il permet un d\u00e9montage rapide et s\u00e9curis\u00e9 sans endommager les composants environnants.<\/p>\n<h4 data-start=\"347\" data-end=\"385\">\ud83d\udd27 Caract\u00e9ristiques principales :<\/h4>\n<ul data-start=\"386\" data-end=\"654\">\n<li data-start=\"386\" data-end=\"436\">\n<p data-start=\"388\" data-end=\"436\">\u2714\ufe0f <strong data-start=\"391\" data-end=\"436\">Structure en acier forg\u00e9 haute r\u00e9sistance<\/strong><\/p>\n<\/li>\n<li data-start=\"437\" data-end=\"478\">\n<p data-start=\"439\" data-end=\"478\">\u2714\ufe0f Finition trait\u00e9e contre la corrosion<\/p>\n<\/li>\n<li data-start=\"479\" data-end=\"543\">\n<p data-start=\"481\" data-end=\"543\">\u2714\ufe0f Manche molet\u00e9 antid\u00e9rapant pour une meilleure prise en main<\/p>\n<\/li>\n<li data-start=\"544\" data-end=\"617\">\n<p data-start=\"546\" data-end=\"617\">\u2714\ufe0f Compatible avec la plupart des rotules de direction et de suspension<\/p>\n<\/li>\n<li data-start=\"618\" data-end=\"654\">\n<p data-start=\"620\" data-end=\"654\">\u2714\ufe0f Utilisation simple avec marteau<\/p>\n<\/li>\n<\/ul>\n<h4 data-start=\"656\" data-end=\"678\">\ud83d\ude97 Applications :<\/h4>\n<ul data-start=\"679\" data-end=\"832\">\n<li data-start=\"679\" data-end=\"715\">\n<p data-start=\"681\" data-end=\"715\">Extraction de rotules de direction<\/p>\n<\/li>\n<li data-start=\"716\" data-end=\"753\">\n<p data-start=\"718\" data-end=\"753\">S\u00e9paration de rotules de suspension<\/p>\n<\/li>\n<li data-start=\"754\" data-end=\"791\">\n<p data-start=\"756\" data-end=\"791\">Travaux sur triangles et biellettes<\/p>\n<\/li>\n<li data-start=\"792\" data-end=\"832\">\n<p data-start=\"794\" data-end=\"832\">Entretien et r\u00e9paration du train avant<\/p>\n<\/li>\n<\/ul>\n<h4 data-start=\"834\" data-end=\"853\">\ud83d\udcaa Avantages :<\/h4>\n<ul data-start=\"854\" data-end=\"1015\">\n<li data-start=\"854\" data-end=\"905\">\n<p data-start=\"856\" data-end=\"905\">Gain de temps lors des interventions m\u00e9caniques<\/p>\n<\/li>\n<li data-start=\"906\" data-end=\"966\">\n<p data-start=\"908\" data-end=\"966\">Outil robuste adapt\u00e9 \u00e0 un usage professionnel ou amateur<\/p>\n<\/li>\n<li data-start=\"967\" data-end=\"1015\">\n<p data-start=\"969\" data-end=\"1015\">D\u00e9montage efficace m\u00eame sur rotules gripp\u00e9es<\/p>\n<\/li>\n<\/ul>\n<\/div>\n<\/div>\n<\/div>\n<\/div>\n<\/div>\n<\/div>\n<\/article>\n","protected":false},"excerpt":{"rendered":"<div style=\"width: 360px;\" class=\"wp-video\"><video class=\"wp-video-shortcode\" id=\"video-3788-1\" width=\"360\" height=\"640\" preload=\"metadata\" controls=\"controls\"><source type=\"video\/mp4\" src=\"https:\/\/bricolagedz.com\/wp-content\/uploads\/2026\/02\/WhatsApp-Video-2026-02-16-at-13.54.10.mp4?_=1\" \/><a href=\"https:\/\/bricolagedz.com\/wp-content\/uploads\/2026\/02\/WhatsApp-Video-2026-02-16-at-13.54.10.mp4\">https:\/\/bricolagedz.com\/wp-content\/uploads\/2026\/02\/WhatsApp-Video-2026-02-16-at-13.54.10.mp4<\/a><\/video><\/div>","protected":false},"featured_media":4019,"comment_status":"open","ping_status":"closed","template":"","meta":[],"product_brand":[],"product_cat":[116],"product_tag":[],"class_list":{"0":"post-3788","1":"product","2":"type-product","3":"status-publish","4":"has-post-thumbnail","6":"product_cat-mecanique","8":"first","9":"instock","10":"taxable","11":"shipping-taxable","12":"purchasable","13":"product-type-simple"},"_links":{"self":[{"href":"https:\/\/bricolagedz.com\/ar\/wp-json\/wp\/v2\/product\/3788","targetHints":{"allow":["GET"]}}],"collection":[{"href":"https:\/\/bricolagedz.com\/ar\/wp-json\/wp\/v2\/product"}],"about":[{"href":"https:\/\/bricolagedz.com\/ar\/wp-json\/wp\/v2\/types\/product"}],"replies":[{"embeddable":true,"href":"https:\/\/bricolagedz.com\/ar\/wp-json\/wp\/v2\/comments?post=3788"}],"version-history":[{"count":0,"href":"https:\/\/bricolagedz.com\/ar\/wp-json\/wp\/v2\/product\/3788\/revisions"}],"wp:featuredmedia":[{"embeddable":true,"href":"https:\/\/bricolagedz.com\/ar\/wp-json\/wp\/v2\/media\/4019"}],"wp:attachment":[{"href":"https:\/\/bricolagedz.com\/ar\/wp-json\/wp\/v2\/media?parent=3788"}],"wp:term":[{"taxonomy":"product_brand","embeddable":true,"href":"https:\/\/bricolagedz.com\/ar\/wp-json\/wp\/v2\/product_brand?post=3788"},{"taxonomy":"product_cat","embeddable":true,"href":"https:\/\/bricolagedz.com\/ar\/wp-json\/wp\/v2\/product_cat?post=3788"},{"taxonomy":"product_tag","embeddable":true,"href":"https:\/\/bricolagedz.com\/ar\/wp-json\/wp\/v2\/product_tag?post=3788"}],"curies":[{"name":"wp","href":"https:\/\/api.w.org\/{rel}","templated":true}]}}