{"id":3631,"date":"2026-01-22T10:00:08","date_gmt":"2026-01-22T10:00:08","guid":{"rendered":"https:\/\/bricolagedz.com\/?post_type=product&#038;p=3631"},"modified":"2026-04-12T11:08:34","modified_gmt":"2026-04-12T11:08:34","slug":"mandrin-a-tige-hexagonal-0-5-6mm","status":"publish","type":"product","link":"https:\/\/bricolagedz.com\/ar\/product\/mandrin-a-tige-hexagonal-0-5-6mm\/","title":{"rendered":"mandrin \u00e0 tige hexagonal 0.5-6mm"},"content":{"rendered":"<div class=\"ng-tns-c118864085-27\">\n<section id=\"processing-state-1\" class=\"processing-state_container is-gpi-avatar ng-tns-c118864085-27 ng-trigger ng-trigger-processingStateShowHide ng-star-inserted is-done-processing\">\n<div id=\"processing-state-1-summary\" class=\"processing-state_details is-gpi-avatar ng-trigger ng-trigger-menuExpansion ng-tns-c118864085-27 ng-star-inserted\" aria-hidden=\"true\">\n<div class=\"tool-summary ng-tns-c118864085-27\">\n<div class=\"tool-summary-message ng-tns-c118864085-27 gds-body-l ng-star-inserted\">\n<div class=\"ng-tns-c118864085-27\"><span style=\"color: #1b1919;\"><span style=\"font-size: 24px;\">\u00a0<\/span><\/span><span style=\"color: #1b1919; font-size: 24px;\">Mandrin Auto-Serrant avec Adaptateur Hexagonal 1\/4&Prime; \u2013 TOPTUL<\/span><\/div>\n<\/div>\n<\/div>\n<\/div>\n<\/section>\n<\/div>\n<div class=\"response-content ng-tns-c3283743458-26\">\n<div class=\"container\">\n<div id=\"model-response-message-contentr_453008faceceb8db\" class=\"markdown markdown-main-panel enable-updated-hr-color\" dir=\"ltr\" aria-live=\"polite\" aria-busy=\"false\">\n<p data-path-to-node=\"3\">Ce mandrin de pr\u00e9cision de la marque <b data-path-to-node=\"3\" data-index-in-node=\"37\">\u062a\u0648\u0628\u062a\u0648\u0644<\/b> est l&rsquo;accessoire indispensable pour transformer instantan\u00e9ment votre visseuse \u00e0 choc ou votre tournevis \u00e9lectrique en une perceuse polyvalente. Sa conception robuste permet d&rsquo;utiliser des forets \u00e0 queue lisse sur des outils initialement pr\u00e9vus pour des embouts hexagonaux.<\/p>\n<h2 data-path-to-node=\"4\">Points Forts :<\/h2>\n<ul data-path-to-node=\"5\">\n<li>\n<p data-path-to-node=\"5,0,0\"><b data-path-to-node=\"5,0,0\" data-index-in-node=\"0\">Polyvalence Maximale :<\/b> Permet d&rsquo;utiliser des forets de petits diam\u00e8tres sur n&rsquo;importe quel porte-embout hexagonal standard de <b data-path-to-node=\"5,0,0\" data-index-in-node=\"126\">1\/4&Prime; (6.35 mm)<\/b>.<\/p>\n<\/li>\n<li>\n<p data-path-to-node=\"5,1,0\"><b data-path-to-node=\"5,1,0\" data-index-in-node=\"0\">Syst\u00e8me Auto-Serrant :<\/b> Serrage et desserrage rapides \u00e0 la main, sans besoin de cl\u00e9, pour un gain de temps consid\u00e9rable sur vos chantiers ou ateliers.<\/p>\n<\/li>\n<li>\n<p data-path-to-node=\"5,2,0\"><b data-path-to-node=\"5,2,0\" data-index-in-node=\"0\">Qualit\u00e9 Professionnelle :<\/b> Fabriqu\u00e9 par TOPTUL, ce mandrin est con\u00e7u en acier haute r\u00e9sistance pour supporter les couples de rotation \u00e9lev\u00e9s.<\/p>\n<\/li>\n<li>\n<p data-path-to-node=\"5,3,0\"><b data-path-to-node=\"5,3,0\" data-index-in-node=\"0\">Pr\u00e9cision :<\/b> Assure un excellent maintien du foret, r\u00e9duisant les vibrations pour un per\u00e7age propre et pr\u00e9cis.<\/p>\n<\/li>\n<\/ul>\n<h2 data-path-to-node=\"6\">Sp\u00e9cifications Techniques :<\/h2>\n<div class=\"horizontal-scroll-wrapper\">\n<div class=\"table-block-component\">\n<div class=\"table-block has-export-button new-table-style is-at-scroll-start is-at-scroll-end\">\n<div class=\"table-content not-end-of-paragraph\" data-hveid=\"0\" data-ved=\"0CAAQ3ecQahgKEwin0azRmKKTAxUAAAAAHQAAAAAQrAE\">\n<table data-path-to-node=\"7\">\n<thead>\n<tr>\n<td><span data-path-to-node=\"7,0,0,0\">Caract\u00e9ristique<\/span><\/td>\n<td><span data-path-to-node=\"7,0,1,0\">D\u00e9tails<\/span><\/td>\n<\/tr>\n<\/thead>\n<tbody>\n<tr>\n<td><span data-path-to-node=\"7,1,0,0\"><b data-path-to-node=\"7,1,0,0\" data-index-in-node=\"0\">Marque<\/b><\/span><\/td>\n<td><span data-path-to-node=\"7,1,1,0\">\u062a\u0648\u0628\u062a\u0648\u0644<\/span><\/td>\n<\/tr>\n<tr>\n<td><span data-path-to-node=\"7,2,0,0\"><b data-path-to-node=\"7,2,0,0\" data-index-in-node=\"0\">Type d&#8217;emmanchement<\/b><\/span><\/td>\n<td><span data-path-to-node=\"7,2,1,0\">Hexagonal 1\/4&Prime; (6.35 mm)<\/span><\/td>\n<\/tr>\n<tr>\n<td><span data-path-to-node=\"7,3,0,0\"><b data-path-to-node=\"7,3,0,0\" data-index-in-node=\"0\">Capacit\u00e9 de serrage<\/b><\/span><\/td>\n<td><span data-path-to-node=\"7,3,1,0\">G\u00e9n\u00e9ralement 0.5 mm \u00e0 6.5 mm (selon mod\u00e8le pr\u00e9cis)<\/span><\/td>\n<\/tr>\n<tr>\n<td><span data-path-to-node=\"7,4,0,0\"><b data-path-to-node=\"7,4,0,0\" data-index-in-node=\"0\">Mat\u00e9riau<\/b><\/span><\/td>\n<td><span data-path-to-node=\"7,4,1,0\">Acier alli\u00e9 haute performance<\/span><\/td>\n<\/tr>\n<tr>\n<td><span data-path-to-node=\"7,5,0,0\"><b data-path-to-node=\"7,5,0,0\" data-index-in-node=\"0\">Usage<\/b><\/span><\/td>\n<td><span data-path-to-node=\"7,5,1,0\">Per\u00e7age l\u00e9ger dans le bois, le plastique et les m\u00e9taux tendres<\/span><\/td>\n<\/tr>\n<\/tbody>\n<\/table>\n<\/div>\n<div class=\"table-footer hide-from-message-actions\"><\/div>\n<\/div>\n<\/div>\n<\/div>\n<h2 data-path-to-node=\"8\">Conseils d&rsquo;Utilisation :<\/h2>\n<blockquote data-path-to-node=\"9\">\n<p data-path-to-node=\"9,0\">Id\u00e9al pour les travaux de finition et les per\u00e7ages d&rsquo;appoint. Bien que compatible avec les visseuses \u00e0 choc, il est recommand\u00e9 de l&rsquo;utiliser en mode rotation simple pour pr\u00e9server la pr\u00e9cision des petits forets.<\/p>\n<\/blockquote>\n<\/div>\n<\/div>\n<\/div>","protected":false},"excerpt":{"rendered":"<div style=\"width: 360px;\" class=\"wp-video\"><video class=\"wp-video-shortcode\" id=\"video-3631-1\" width=\"360\" height=\"640\" preload=\"metadata\" controls=\"controls\"><source type=\"video\/mp4\" src=\"https:\/\/bricolagedz.com\/wp-content\/uploads\/2026\/01\/mandrin-toptul.mp4?_=1\" \/><a href=\"https:\/\/bricolagedz.com\/wp-content\/uploads\/2026\/01\/mandrin-toptul.mp4\">https:\/\/bricolagedz.com\/wp-content\/uploads\/2026\/01\/mandrin-toptul.mp4<\/a><\/video><\/div>","protected":false},"featured_media":3632,"comment_status":"open","ping_status":"closed","template":"","meta":[],"product_brand":[127],"product_cat":[119],"product_tag":[],"class_list":{"0":"post-3631","1":"product","2":"type-product","3":"status-publish","4":"has-post-thumbnail","6":"product_brand-toptul","7":"product_cat-tolerie","9":"first","10":"instock","11":"taxable","12":"shipping-taxable","13":"purchasable","14":"product-type-simple"},"_links":{"self":[{"href":"https:\/\/bricolagedz.com\/ar\/wp-json\/wp\/v2\/product\/3631","targetHints":{"allow":["GET"]}}],"collection":[{"href":"https:\/\/bricolagedz.com\/ar\/wp-json\/wp\/v2\/product"}],"about":[{"href":"https:\/\/bricolagedz.com\/ar\/wp-json\/wp\/v2\/types\/product"}],"replies":[{"embeddable":true,"href":"https:\/\/bricolagedz.com\/ar\/wp-json\/wp\/v2\/comments?post=3631"}],"version-history":[{"count":0,"href":"https:\/\/bricolagedz.com\/ar\/wp-json\/wp\/v2\/product\/3631\/revisions"}],"wp:featuredmedia":[{"embeddable":true,"href":"https:\/\/bricolagedz.com\/ar\/wp-json\/wp\/v2\/media\/3632"}],"wp:attachment":[{"href":"https:\/\/bricolagedz.com\/ar\/wp-json\/wp\/v2\/media?parent=3631"}],"wp:term":[{"taxonomy":"product_brand","embeddable":true,"href":"https:\/\/bricolagedz.com\/ar\/wp-json\/wp\/v2\/product_brand?post=3631"},{"taxonomy":"product_cat","embeddable":true,"href":"https:\/\/bricolagedz.com\/ar\/wp-json\/wp\/v2\/product_cat?post=3631"},{"taxonomy":"product_tag","embeddable":true,"href":"https:\/\/bricolagedz.com\/ar\/wp-json\/wp\/v2\/product_tag?post=3631"}],"curies":[{"name":"wp","href":"https:\/\/api.w.org\/{rel}","templated":true}]}}