{"id":3183,"date":"2025-11-28T16:36:03","date_gmt":"2025-11-28T16:36:03","guid":{"rendered":"https:\/\/bricolage.weboost.digital\/?post_type=product&#038;p=3183"},"modified":"2026-04-09T17:28:26","modified_gmt":"2026-04-09T17:28:26","slug":"bracelet-aimante","status":"publish","type":"product","link":"https:\/\/bricolagedz.com\/ar\/product\/bracelet-aimante\/","title":{"rendered":"\u0633\u0648\u0627\u0631 \u0645\u063a\u0646\u0627\u0637\u064a\u0633\u064a"},"content":{"rendered":"<p data-path-to-node=\"0\">Ce bracelet magn\u00e9tique est l&rsquo;accessoire id\u00e9al pour tous ceux qui travaillent r\u00e9guli\u00e8rement avec de petits objets m\u00e9talliques. Con\u00e7u pour \u00eatre port\u00e9 au poignet, il agit comme une \u00ab\u00a0troisi\u00e8me main\u00a0\u00bb en maintenant vos vis, clous, m\u00e8ches et boulons \u00e0 port\u00e9e de main.<\/p>\n<h2 data-path-to-node=\"1\"><b data-path-to-node=\"1\" data-index-in-node=\"0\">Caract\u00e9ristiques principales<\/b><\/h2>\n<ul data-path-to-node=\"2\">\n<li>\n<p data-path-to-node=\"2,0,0\"><b data-path-to-node=\"2,0,0\" data-index-in-node=\"0\">Magn\u00e9tisme puissant :<\/b> \u00c9quip\u00e9 d&rsquo;aimants puissants capables de maintenir fermement plusieurs pi\u00e8ces m\u00e9talliques, m\u00eame lors de mouvements brusques.<\/p>\n<\/li>\n<li>\n<p data-path-to-node=\"2,1,0\"><b data-path-to-node=\"2,1,0\" data-index-in-node=\"0\">Confort et robustesse :<\/b> Fabriqu\u00e9 en nylon balistique durable, il est \u00e0 la fois l\u00e9ger et r\u00e9sistant \u00e0 l&rsquo;usure. La face int\u00e9rieure est doubl\u00e9e d&rsquo;un tissu respirant pour un confort optimal pendant de longues heures de travail.<\/p>\n<\/li>\n<li>\n<p data-path-to-node=\"2,2,0\"><b data-path-to-node=\"2,2,0\" data-index-in-node=\"0\">Taille universelle :<\/b> Gr\u00e2ce \u00e0 sa fermeture \u00e0 scratch (velcro) ajustable, il s&rsquo;adapte facilement \u00e0 toutes les morphologies de poignet.<\/p>\n<\/li>\n<li>\n<p data-path-to-node=\"2,3,0\"><b data-path-to-node=\"2,3,0\" data-index-in-node=\"0\">Gain de temps :<\/b> Fini les allers-retours vers la bo\u00eete \u00e0 outils ou les vis tenues entre les l\u00e8vres. Vous gardez les mains libres pour vous concentrer sur votre t\u00e2che principale.<\/p>\n<\/li>\n<\/ul>\n<hr data-path-to-node=\"3\" \/>\n<h3 data-path-to-node=\"4\"><b data-path-to-node=\"4\" data-index-in-node=\"0\">Utilisations recommand\u00e9es<\/b><\/h3>\n<p data-path-to-node=\"5\">Ce bracelet est particuli\u00e8rement utile pour les travaux de bricolage, la m\u00e9canique, l&rsquo;assemblage de meubles ou les installations \u00e9lectriques en hauteur (sur une \u00e9chelle par exemple).<\/p>","protected":false},"excerpt":{"rendered":"<div style=\"width: 576px;\" class=\"wp-video\"><video class=\"wp-video-shortcode\" id=\"video-3183-1\" width=\"576\" height=\"1024\" preload=\"metadata\" controls=\"controls\"><source type=\"video\/mp4\" src=\"https:\/\/bricolagedz.com\/wp-content\/uploads\/2025\/11\/WhatsApp-Video-2026-03-09-at-11.44.42.mp4?_=1\" \/><a href=\"https:\/\/bricolagedz.com\/wp-content\/uploads\/2025\/11\/WhatsApp-Video-2026-03-09-at-11.44.42.mp4\">https:\/\/bricolagedz.com\/wp-content\/uploads\/2025\/11\/WhatsApp-Video-2026-03-09-at-11.44.42.mp4<\/a><\/video><\/div>","protected":false},"featured_media":3184,"comment_status":"open","ping_status":"closed","template":"","meta":[],"product_brand":[],"product_cat":[121],"product_tag":[],"class_list":{"0":"post-3183","1":"product","2":"type-product","3":"status-publish","4":"has-post-thumbnail","6":"product_cat-placo","8":"first","9":"instock","10":"taxable","11":"shipping-taxable","12":"purchasable","13":"product-type-simple"},"_links":{"self":[{"href":"https:\/\/bricolagedz.com\/ar\/wp-json\/wp\/v2\/product\/3183","targetHints":{"allow":["GET"]}}],"collection":[{"href":"https:\/\/bricolagedz.com\/ar\/wp-json\/wp\/v2\/product"}],"about":[{"href":"https:\/\/bricolagedz.com\/ar\/wp-json\/wp\/v2\/types\/product"}],"replies":[{"embeddable":true,"href":"https:\/\/bricolagedz.com\/ar\/wp-json\/wp\/v2\/comments?post=3183"}],"version-history":[{"count":0,"href":"https:\/\/bricolagedz.com\/ar\/wp-json\/wp\/v2\/product\/3183\/revisions"}],"wp:featuredmedia":[{"embeddable":true,"href":"https:\/\/bricolagedz.com\/ar\/wp-json\/wp\/v2\/media\/3184"}],"wp:attachment":[{"href":"https:\/\/bricolagedz.com\/ar\/wp-json\/wp\/v2\/media?parent=3183"}],"wp:term":[{"taxonomy":"product_brand","embeddable":true,"href":"https:\/\/bricolagedz.com\/ar\/wp-json\/wp\/v2\/product_brand?post=3183"},{"taxonomy":"product_cat","embeddable":true,"href":"https:\/\/bricolagedz.com\/ar\/wp-json\/wp\/v2\/product_cat?post=3183"},{"taxonomy":"product_tag","embeddable":true,"href":"https:\/\/bricolagedz.com\/ar\/wp-json\/wp\/v2\/product_tag?post=3183"}],"curies":[{"name":"wp","href":"https:\/\/api.w.org\/{rel}","templated":true}]}}