{"id":3159,"date":"2025-11-28T16:24:25","date_gmt":"2025-11-28T16:24:25","guid":{"rendered":"https:\/\/bricolage.weboost.digital\/?post_type=product&#038;p=3159"},"modified":"2026-03-15T16:14:56","modified_gmt":"2026-03-15T16:14:56","slug":"%d8%ad%d8%a7%d9%85%d9%84-%d9%85%d8%ab%d9%82%d8%a7%d8%a8-%d9%85%d8%aa%d8%ad%d8%b1%d9%83","status":"publish","type":"product","link":"https:\/\/bricolagedz.com\/ar\/product\/%d8%ad%d8%a7%d9%85%d9%84-%d9%85%d8%ab%d9%82%d8%a7%d8%a8-%d9%85%d8%aa%d8%ad%d8%b1%d9%83\/","title":{"rendered":"\u062d\u0627\u0645\u0644 \u0645\u062b\u0642\u0627\u0628 \u0645\u062a\u062d\u0631\u0643"},"content":{"rendered":"<div class=\"ng-tns-c118864085-152\">\n<section id=\"processing-state-21\" class=\"processing-state_container is-gpi-avatar ng-tns-c118864085-152 ng-trigger ng-trigger-processingStateShowHide ng-star-inserted is-done-processing\">\n<div id=\"processing-state-21-summary\" class=\"processing-state_details is-gpi-avatar ng-trigger ng-trigger-menuExpansion ng-tns-c118864085-152 ng-star-inserted\" aria-hidden=\"true\">\n<div class=\"tool-summary ng-tns-c118864085-152\">\n<div class=\"tool-summary-message ng-tns-c118864085-152 gds-body-l ng-star-inserted\">\n<div class=\"ng-tns-c118864085-152\">Ce <b data-path-to-node=\"0\" data-index-in-node=\"3\">support de guidage de per\u00e7age mobile<\/b> est l&rsquo;accessoire id\u00e9al pour transformer votre perceuse portative en une station de per\u00e7age de pr\u00e9cision, offrant la stabilit\u00e9 d&rsquo;une perceuse \u00e0 colonne avec la flexibilit\u00e9 d&rsquo;un outil mobile.<\/div>\n<\/div>\n<\/div>\n<\/div>\n<\/section>\n<\/div>\n<div class=\"response-content ng-tns-c3283743458-151\">\n<div class=\"container\">\n<div id=\"model-response-message-contentr_154acaeb18220076\" class=\"markdown markdown-main-panel enable-updated-hr-color\" dir=\"ltr\" aria-live=\"polite\" aria-busy=\"false\">\n<h2 data-path-to-node=\"1\">Caract\u00e9ristiques Principales :<\/h2>\n<ul data-path-to-node=\"2\">\n<li>\n<p data-path-to-node=\"2,0,0\"><b data-path-to-node=\"2,0,0\" data-index-in-node=\"0\">Per\u00e7age Multi-Angles :<\/b> Le socle est orientable et dot\u00e9 d&rsquo;une \u00e9chelle gradu\u00e9e permettant de r\u00e9aliser des per\u00e7ages parfaitement perpendiculaires (90\u00b0) ou inclin\u00e9s jusqu&rsquo;\u00e0 un angle pr\u00e9cis selon vos besoins.<\/p>\n<\/li>\n<li>\n<p data-path-to-node=\"2,1,0\"><b data-path-to-node=\"2,1,0\" data-index-in-node=\"0\">Stabilit\u00e9 sur Toutes Surfaces :<\/b> La base robuste comporte une rainure en \u00ab\u00a0V\u00a0\u00bb sp\u00e9cialement con\u00e7ue pour stabiliser et centrer le per\u00e7age sur des objets cylindriques tels que des tubes ou des tuyaux.<\/p>\n<\/li>\n<li>\n<p data-path-to-node=\"2,2,0\"><b data-path-to-node=\"2,2,0\" data-index-in-node=\"0\">Contr\u00f4le et S\u00e9curit\u00e9 :<\/b> \u00c9quip\u00e9 d&rsquo;une poign\u00e9e auxiliaire lat\u00e9rale pour un maintien ferme et d&rsquo;une but\u00e9e de profondeur r\u00e9glable pour garantir des per\u00e7ages r\u00e9p\u00e9titifs d&rsquo;une exactitude parfaite.<\/p>\n<\/li>\n<li>\n<p data-path-to-node=\"2,3,0\"><b data-path-to-node=\"2,3,0\" data-index-in-node=\"0\">Compatibilit\u00e9 :<\/b> Mandrin int\u00e9gr\u00e9 mont\u00e9 sur deux colonnes de guidage avec ressorts de rappel, assurant un mouvement fluide et un retour automatique de la perceuse apr\u00e8s l&rsquo;op\u00e9ration.<\/p>\n<\/li>\n<\/ul>\n<h2 data-path-to-node=\"3\">Applications :<\/h2>\n<ul data-path-to-node=\"4\">\n<li>\n<p data-path-to-node=\"4,0,0\">Per\u00e7age pr\u00e9cis dans le bois, le m\u00e9tal ou le plastique.<\/p>\n<\/li>\n<li>\n<p data-path-to-node=\"4,1,0\">Travaux de menuiserie n\u00e9cessitant des assemblages inclin\u00e9s.<\/p>\n<\/li>\n<li>\n<p data-path-to-node=\"4,2,0\">Installations de plomberie ou de serrurerie sur tubes ronds.<\/p>\n<\/li>\n<\/ul>\n<\/div>\n<\/div>\n<\/div>","protected":false},"excerpt":{"rendered":"<div style=\"width: 360px;\" class=\"wp-video\"><video class=\"wp-video-shortcode\" id=\"video-3159-1\" width=\"360\" height=\"640\" preload=\"metadata\" controls=\"controls\"><source type=\"video\/mp4\" src=\"https:\/\/bricolagedz.com\/wp-content\/uploads\/2025\/11\/WhatsApp-Video-2026-02-04-at-10.24.28-1.mp4?_=1\" \/><a href=\"https:\/\/bricolagedz.com\/wp-content\/uploads\/2025\/11\/WhatsApp-Video-2026-02-04-at-10.24.28-1.mp4\">https:\/\/bricolagedz.com\/wp-content\/uploads\/2025\/11\/WhatsApp-Video-2026-02-04-at-10.24.28-1.mp4<\/a><\/video><\/div>","protected":false},"featured_media":3160,"comment_status":"open","ping_status":"closed","template":"","meta":[],"product_brand":[],"product_cat":[118],"product_tag":[],"class_list":{"0":"post-3159","1":"product","2":"type-product","3":"status-publish","4":"has-post-thumbnail","6":"product_cat-menuiserie","8":"first","9":"instock","10":"taxable","11":"shipping-taxable","12":"purchasable","13":"product-type-simple"},"_links":{"self":[{"href":"https:\/\/bricolagedz.com\/ar\/wp-json\/wp\/v2\/product\/3159","targetHints":{"allow":["GET"]}}],"collection":[{"href":"https:\/\/bricolagedz.com\/ar\/wp-json\/wp\/v2\/product"}],"about":[{"href":"https:\/\/bricolagedz.com\/ar\/wp-json\/wp\/v2\/types\/product"}],"replies":[{"embeddable":true,"href":"https:\/\/bricolagedz.com\/ar\/wp-json\/wp\/v2\/comments?post=3159"}],"version-history":[{"count":0,"href":"https:\/\/bricolagedz.com\/ar\/wp-json\/wp\/v2\/product\/3159\/revisions"}],"wp:featuredmedia":[{"embeddable":true,"href":"https:\/\/bricolagedz.com\/ar\/wp-json\/wp\/v2\/media\/3160"}],"wp:attachment":[{"href":"https:\/\/bricolagedz.com\/ar\/wp-json\/wp\/v2\/media?parent=3159"}],"wp:term":[{"taxonomy":"product_brand","embeddable":true,"href":"https:\/\/bricolagedz.com\/ar\/wp-json\/wp\/v2\/product_brand?post=3159"},{"taxonomy":"product_cat","embeddable":true,"href":"https:\/\/bricolagedz.com\/ar\/wp-json\/wp\/v2\/product_cat?post=3159"},{"taxonomy":"product_tag","embeddable":true,"href":"https:\/\/bricolagedz.com\/ar\/wp-json\/wp\/v2\/product_tag?post=3159"}],"curies":[{"name":"wp","href":"https:\/\/api.w.org\/{rel}","templated":true}]}}